{"id":91,"date":"2016-08-29T11:27:52","date_gmt":"2016-08-29T09:27:52","guid":{"rendered":"http:\/\/luxappartamenti.it\/spa\/?page_id=91"},"modified":"2020-06-25T08:30:56","modified_gmt":"2020-06-25T06:30:56","slug":"appartamenti","status":"publish","type":"page","link":"https:\/\/luxappartamenti.it\/spa\/?page_id=91","title":{"rendered":"APARTAMENTOS"},"content":{"rendered":"<h2 style=\"text-align: justify;\">APARTAMENTOS<\/h2>\n<p style=\"text-align: justify;\">Nuestros apartamentos est\u00e1n bien amueblados y equipados con todas las comodidades, ideales tambi\u00e9n para estancias m\u00e1s largas. Se componen de: entrada, un dormitorio doble, un sal\u00f3n con 1 o 2 sof\u00e1s-cama, cocina abierta o cerrada totalmente equipada y ba\u00f1o con ducha. Cada apartamento dispone de calefacci\u00f3n y aire acondicionado autonomo y un cochero en el garaje privado subyacente.<\/p>\n<hr \/>\n<h3 style=\"text-align: justify;\">NUESTROS SERVICIOS<\/h3>\n<p style=\"text-align: justify;\">Para hacer Su estancia c\u00f3moda, en cada apartamento encontrar\u00e1:<\/p>\n<p style=\"text-align: justify;\">TV 32&#8221; LED SATELLITE TV, tel\u00e9fono para llamadas nacionales, Wi-Fi, lavadora, secadora, lavavajillas, horno el\u00e9ctrico, nevera y congelador, cafetera, microondas, cafetera, tostadora, plancha y tabla de planchar, secador de pelo, caja fuerte, videotel\u00e9fono.<br \/>Previa solicitud, sin costo adicional, y sujeto a disponibilidad: reloj despertador, licuadora, batidora, radio, plancha de pelo, trona y cuna.<\/p>\n<p><strong><span style=\"color: #800000;\">En respuesta al coronavirus (COVID-19), el alojamiento aplica medidas sanitarias y de seguridad adicionales en estos momentos para garantizar la seguridad de los clientes y el personal. Por este motivo, algunos servicios e instalaciones pueden verse limitados o no estar disponibles.<\/span><\/strong><\/p>\n<h3 style=\"text-align: justify;\">EL PRECIO INCLUYE<\/h3>\n<p style=\"text-align: justify;\">Plaza de garaje, gastos para, luz agua y gas, llamadas nacionales, Wi-Fi, ropa de cama y toallas, limpieza final, un cambio de toallas a mitad de la semana, limpieza semanal del apartamento y cambio de sabanas para largas estancias, la presencia de nuestro personal multiling\u00fce y disponibilidad para las impresiones o fotocopias si es necesario.<\/p>\n<div class=\"col-md-12 paddasopra\">\n<div class=\"col-md-3\"><img class=\"alignnone\" src=\"http:\/\/luxappartamenti.it\/spa\/wp-content\/uploads\/2016\/08\/lux_servizi_0_spagnolo.jpg\" \/><\/div>\n<div class=\"col-md-3\"><img src=\"http:\/\/luxappartamenti.it\/spa\/wp-content\/uploads\/2016\/08\/lux_servizi_01_spagnolo.jpg\" \/><\/div>\n<div class=\"col-md-3\"><img src=\"http:\/\/luxappartamenti.it\/spa\/wp-content\/uploads\/2016\/08\/lux_servizi_03_spagnolo.jpg\" \/><\/div>\n<div class=\"col-md-3\"><img src=\"http:\/\/luxappartamenti.it\/spa\/wp-content\/uploads\/2016\/08\/lux_servizi_04_spagnolo.jpg\" \/><\/div>\n<\/div>\n<div class=\"col-md-12 paddasopra\">\u00a0<\/div>\n<hr \/>\n<h3 style=\"text-align: center;\">Galer\u00eca de fotos<\/h3>\n<hr \/>\n\n\n<h4> DORMITORIO <\/h4>\n\n\n\n<figure class=\"wp-block-gallery columns-3 is-cropped\"><ul class=\"blocks-gallery-grid\"><li class=\"blocks-gallery-item\"><figure><img loading=\"lazy\" width=\"1024\" height=\"682\" src=\"http:\/\/luxappartamenti.it\/spa\/wp-content\/uploads\/2016\/08\/8-DSC_9472-1024x682.jpg\" alt=\"\" data-id=\"79\" data-full-url=\"http:\/\/luxappartamenti.it\/spa\/wp-content\/uploads\/2016\/08\/8-DSC_9472.jpg\" data-link=\"http:\/\/luxappartamenti.it\/spa\/?attachment_id=79\" class=\"wp-image-79\" srcset=\"https:\/\/luxappartamenti.it\/spa\/wp-content\/uploads\/2016\/08\/8-DSC_9472-1024x682.jpg 1024w, https:\/\/luxappartamenti.it\/spa\/wp-content\/uploads\/2016\/08\/8-DSC_9472-300x200.jpg 300w, https:\/\/luxappartamenti.it\/spa\/wp-content\/uploads\/2016\/08\/8-DSC_9472-768x511.jpg 768w, https:\/\/luxappartamenti.it\/spa\/wp-content\/uploads\/2016\/08\/8-DSC_9472.jpg 1280w\" sizes=\"(max-width: 1024px) 100vw, 1024px\" \/><\/figure><\/li><li class=\"blocks-gallery-item\"><figure><img loading=\"lazy\" width=\"1024\" height=\"682\" src=\"http:\/\/luxappartamenti.it\/spa\/wp-content\/uploads\/2016\/08\/13-DSC_9359-1024x682.jpg\" alt=\"\" data-id=\"80\" data-full-url=\"http:\/\/luxappartamenti.it\/spa\/wp-content\/uploads\/2016\/08\/13-DSC_9359.jpg\" data-link=\"http:\/\/luxappartamenti.it\/spa\/?attachment_id=80\" class=\"wp-image-80\" srcset=\"https:\/\/luxappartamenti.it\/spa\/wp-content\/uploads\/2016\/08\/13-DSC_9359-1024x682.jpg 1024w, https:\/\/luxappartamenti.it\/spa\/wp-content\/uploads\/2016\/08\/13-DSC_9359-300x200.jpg 300w, https:\/\/luxappartamenti.it\/spa\/wp-content\/uploads\/2016\/08\/13-DSC_9359-768x511.jpg 768w, https:\/\/luxappartamenti.it\/spa\/wp-content\/uploads\/2016\/08\/13-DSC_9359.jpg 1280w\" sizes=\"(max-width: 1024px) 100vw, 1024px\" \/><\/figure><\/li><li class=\"blocks-gallery-item\"><figure><img loading=\"lazy\" width=\"1024\" height=\"682\" src=\"http:\/\/luxappartamenti.it\/spa\/wp-content\/uploads\/2016\/08\/1-LOW-Bed-room-2-1024x682.jpg\" alt=\"\" data-id=\"81\" data-full-url=\"http:\/\/luxappartamenti.it\/spa\/wp-content\/uploads\/2016\/08\/1-LOW-Bed-room-2.jpg\" data-link=\"http:\/\/luxappartamenti.it\/spa\/?attachment_id=81\" class=\"wp-image-81\" srcset=\"https:\/\/luxappartamenti.it\/spa\/wp-content\/uploads\/2016\/08\/1-LOW-Bed-room-2-1024x682.jpg 1024w, https:\/\/luxappartamenti.it\/spa\/wp-content\/uploads\/2016\/08\/1-LOW-Bed-room-2-300x200.jpg 300w, https:\/\/luxappartamenti.it\/spa\/wp-content\/uploads\/2016\/08\/1-LOW-Bed-room-2-768x512.jpg 768w, https:\/\/luxappartamenti.it\/spa\/wp-content\/uploads\/2016\/08\/1-LOW-Bed-room-2.jpg 1280w\" sizes=\"(max-width: 1024px) 100vw, 1024px\" \/><\/figure><\/li><li class=\"blocks-gallery-item\"><figure><img loading=\"lazy\" width=\"1024\" height=\"768\" src=\"http:\/\/luxappartamenti.it\/spa\/wp-content\/uploads\/2016\/08\/P1010920-1024x768.jpg\" alt=\"\" data-id=\"38\" data-full-url=\"http:\/\/luxappartamenti.it\/spa\/wp-content\/uploads\/2016\/08\/P1010920.jpg\" data-link=\"http:\/\/luxappartamenti.it\/spa\/?attachment_id=38\" class=\"wp-image-38\" srcset=\"https:\/\/luxappartamenti.it\/spa\/wp-content\/uploads\/2016\/08\/P1010920-1024x768.jpg 1024w, https:\/\/luxappartamenti.it\/spa\/wp-content\/uploads\/2016\/08\/P1010920-300x225.jpg 300w, https:\/\/luxappartamenti.it\/spa\/wp-content\/uploads\/2016\/08\/P1010920-768x576.jpg 768w, https:\/\/luxappartamenti.it\/spa\/wp-content\/uploads\/2016\/08\/P1010920.jpg 1280w\" sizes=\"(max-width: 1024px) 100vw, 1024px\" \/><\/figure><\/li><li class=\"blocks-gallery-item\"><figure><img loading=\"lazy\" width=\"1024\" height=\"768\" src=\"http:\/\/luxappartamenti.it\/spa\/wp-content\/uploads\/2016\/08\/P1010911-1024x768.jpg\" alt=\"\" data-id=\"41\" data-full-url=\"http:\/\/luxappartamenti.it\/spa\/wp-content\/uploads\/2016\/08\/P1010911.jpg\" data-link=\"http:\/\/luxappartamenti.it\/spa\/?attachment_id=41\" class=\"wp-image-41\" srcset=\"https:\/\/luxappartamenti.it\/spa\/wp-content\/uploads\/2016\/08\/P1010911-1024x768.jpg 1024w, https:\/\/luxappartamenti.it\/spa\/wp-content\/uploads\/2016\/08\/P1010911-300x225.jpg 300w, https:\/\/luxappartamenti.it\/spa\/wp-content\/uploads\/2016\/08\/P1010911-768x576.jpg 768w, https:\/\/luxappartamenti.it\/spa\/wp-content\/uploads\/2016\/08\/P1010911.jpg 1280w\" sizes=\"(max-width: 1024px) 100vw, 1024px\" \/><\/figure><\/li><li class=\"blocks-gallery-item\"><figure><img loading=\"lazy\" width=\"1024\" height=\"718\" src=\"http:\/\/luxappartamenti.it\/spa\/wp-content\/uploads\/2016\/08\/P1010928-1024x718.jpg\" alt=\"\" data-id=\"36\" data-full-url=\"http:\/\/luxappartamenti.it\/spa\/wp-content\/uploads\/2016\/08\/P1010928.jpg\" data-link=\"http:\/\/luxappartamenti.it\/spa\/?attachment_id=36\" class=\"wp-image-36\" srcset=\"https:\/\/luxappartamenti.it\/spa\/wp-content\/uploads\/2016\/08\/P1010928-1024x718.jpg 1024w, https:\/\/luxappartamenti.it\/spa\/wp-content\/uploads\/2016\/08\/P1010928-300x210.jpg 300w, https:\/\/luxappartamenti.it\/spa\/wp-content\/uploads\/2016\/08\/P1010928-768x538.jpg 768w, https:\/\/luxappartamenti.it\/spa\/wp-content\/uploads\/2016\/08\/P1010928.jpg 1280w\" sizes=\"(max-width: 1024px) 100vw, 1024px\" \/><\/figure><\/li><\/ul><\/figure>\n\n\n\n<h4> QUEDARSE <\/h4>\n\n\n\n<figure class=\"wp-block-gallery columns-3 is-cropped\"><ul class=\"blocks-gallery-grid\"><li class=\"blocks-gallery-item\"><figure><img loading=\"lazy\" width=\"1024\" height=\"682\" src=\"http:\/\/luxappartamenti.it\/spa\/wp-content\/uploads\/2016\/08\/DSC_9170-1-1024x682.jpg\" alt=\"\" data-id=\"77\" data-full-url=\"http:\/\/luxappartamenti.it\/spa\/wp-content\/uploads\/2016\/08\/DSC_9170-1.jpg\" data-link=\"http:\/\/luxappartamenti.it\/spa\/?attachment_id=77\" class=\"wp-image-77\" srcset=\"https:\/\/luxappartamenti.it\/spa\/wp-content\/uploads\/2016\/08\/DSC_9170-1-1024x682.jpg 1024w, https:\/\/luxappartamenti.it\/spa\/wp-content\/uploads\/2016\/08\/DSC_9170-1-300x200.jpg 300w, https:\/\/luxappartamenti.it\/spa\/wp-content\/uploads\/2016\/08\/DSC_9170-1-768x511.jpg 768w, https:\/\/luxappartamenti.it\/spa\/wp-content\/uploads\/2016\/08\/DSC_9170-1.jpg 1280w\" sizes=\"(max-width: 1024px) 100vw, 1024px\" \/><\/figure><\/li><li class=\"blocks-gallery-item\"><figure><img loading=\"lazy\" width=\"1024\" height=\"682\" src=\"http:\/\/luxappartamenti.it\/spa\/wp-content\/uploads\/2016\/08\/DSC_9205-1024x682.jpg\" alt=\"\" data-id=\"75\" data-full-url=\"http:\/\/luxappartamenti.it\/spa\/wp-content\/uploads\/2016\/08\/DSC_9205.jpg\" data-link=\"http:\/\/luxappartamenti.it\/spa\/?attachment_id=75\" class=\"wp-image-75\" srcset=\"https:\/\/luxappartamenti.it\/spa\/wp-content\/uploads\/2016\/08\/DSC_9205-1024x682.jpg 1024w, https:\/\/luxappartamenti.it\/spa\/wp-content\/uploads\/2016\/08\/DSC_9205-300x200.jpg 300w, https:\/\/luxappartamenti.it\/spa\/wp-content\/uploads\/2016\/08\/DSC_9205-768x511.jpg 768w, https:\/\/luxappartamenti.it\/spa\/wp-content\/uploads\/2016\/08\/DSC_9205.jpg 1280w\" sizes=\"(max-width: 1024px) 100vw, 1024px\" \/><\/figure><\/li><li class=\"blocks-gallery-item\"><figure><img loading=\"lazy\" width=\"1024\" height=\"682\" src=\"http:\/\/luxappartamenti.it\/spa\/wp-content\/uploads\/2016\/08\/DSC_9312-1024x682.jpg\" alt=\"\" data-id=\"73\" data-full-url=\"http:\/\/luxappartamenti.it\/spa\/wp-content\/uploads\/2016\/08\/DSC_9312.jpg\" data-link=\"http:\/\/luxappartamenti.it\/spa\/?attachment_id=73\" class=\"wp-image-73\" srcset=\"https:\/\/luxappartamenti.it\/spa\/wp-content\/uploads\/2016\/08\/DSC_9312-1024x682.jpg 1024w, https:\/\/luxappartamenti.it\/spa\/wp-content\/uploads\/2016\/08\/DSC_9312-300x200.jpg 300w, https:\/\/luxappartamenti.it\/spa\/wp-content\/uploads\/2016\/08\/DSC_9312-768x511.jpg 768w, https:\/\/luxappartamenti.it\/spa\/wp-content\/uploads\/2016\/08\/DSC_9312.jpg 1280w\" sizes=\"(max-width: 1024px) 100vw, 1024px\" \/><\/figure><\/li><li class=\"blocks-gallery-item\"><figure><img loading=\"lazy\" width=\"1024\" height=\"637\" src=\"http:\/\/luxappartamenti.it\/spa\/wp-content\/uploads\/2016\/08\/OK-Living-room-2-1024x637.jpg\" alt=\"\" data-id=\"65\" data-full-url=\"http:\/\/luxappartamenti.it\/spa\/wp-content\/uploads\/2016\/08\/OK-Living-room-2.jpg\" data-link=\"http:\/\/luxappartamenti.it\/spa\/?attachment_id=65\" class=\"wp-image-65\" srcset=\"https:\/\/luxappartamenti.it\/spa\/wp-content\/uploads\/2016\/08\/OK-Living-room-2-1024x637.jpg 1024w, https:\/\/luxappartamenti.it\/spa\/wp-content\/uploads\/2016\/08\/OK-Living-room-2-300x187.jpg 300w, https:\/\/luxappartamenti.it\/spa\/wp-content\/uploads\/2016\/08\/OK-Living-room-2-768x478.jpg 768w, https:\/\/luxappartamenti.it\/spa\/wp-content\/uploads\/2016\/08\/OK-Living-room-2.jpg 1280w\" sizes=\"(max-width: 1024px) 100vw, 1024px\" \/><\/figure><\/li><li class=\"blocks-gallery-item\"><figure><img loading=\"lazy\" width=\"1024\" height=\"682\" src=\"http:\/\/luxappartamenti.it\/spa\/wp-content\/uploads\/2016\/08\/DSC_9582-1024x682.jpg\" alt=\"\" data-id=\"68\" data-full-url=\"http:\/\/luxappartamenti.it\/spa\/wp-content\/uploads\/2016\/08\/DSC_9582.jpg\" data-link=\"http:\/\/luxappartamenti.it\/spa\/?attachment_id=68\" class=\"wp-image-68\" srcset=\"https:\/\/luxappartamenti.it\/spa\/wp-content\/uploads\/2016\/08\/DSC_9582-1024x682.jpg 1024w, https:\/\/luxappartamenti.it\/spa\/wp-content\/uploads\/2016\/08\/DSC_9582-300x200.jpg 300w, https:\/\/luxappartamenti.it\/spa\/wp-content\/uploads\/2016\/08\/DSC_9582-768x511.jpg 768w, https:\/\/luxappartamenti.it\/spa\/wp-content\/uploads\/2016\/08\/DSC_9582.jpg 1280w\" sizes=\"(max-width: 1024px) 100vw, 1024px\" \/><\/figure><\/li><\/ul><\/figure>\n\n\n\n<h4> COCINA <\/h4>\n\n\n\n<figure class=\"wp-block-gallery columns-3 is-cropped\"><ul class=\"blocks-gallery-grid\"><li class=\"blocks-gallery-item\"><figure><img loading=\"lazy\" width=\"1024\" height=\"682\" src=\"http:\/\/luxappartamenti.it\/spa\/wp-content\/uploads\/2016\/08\/DSC_9377-1024x682.jpg\" alt=\"\" data-id=\"72\" data-full-url=\"http:\/\/luxappartamenti.it\/spa\/wp-content\/uploads\/2016\/08\/DSC_9377.jpg\" data-link=\"http:\/\/luxappartamenti.it\/spa\/?attachment_id=72\" class=\"wp-image-72\" srcset=\"https:\/\/luxappartamenti.it\/spa\/wp-content\/uploads\/2016\/08\/DSC_9377-1024x682.jpg 1024w, https:\/\/luxappartamenti.it\/spa\/wp-content\/uploads\/2016\/08\/DSC_9377-300x200.jpg 300w, https:\/\/luxappartamenti.it\/spa\/wp-content\/uploads\/2016\/08\/DSC_9377-768x511.jpg 768w, https:\/\/luxappartamenti.it\/spa\/wp-content\/uploads\/2016\/08\/DSC_9377.jpg 1280w\" sizes=\"(max-width: 1024px) 100vw, 1024px\" \/><\/figure><\/li><li class=\"blocks-gallery-item\"><figure><img loading=\"lazy\" width=\"1024\" height=\"682\" src=\"http:\/\/luxappartamenti.it\/spa\/wp-content\/uploads\/2016\/08\/DSC_9168-1024x682.jpg\" alt=\"\" data-id=\"78\" data-full-url=\"http:\/\/luxappartamenti.it\/spa\/wp-content\/uploads\/2016\/08\/DSC_9168.jpg\" data-link=\"http:\/\/luxappartamenti.it\/spa\/?attachment_id=78\" class=\"wp-image-78\" srcset=\"https:\/\/luxappartamenti.it\/spa\/wp-content\/uploads\/2016\/08\/DSC_9168-1024x682.jpg 1024w, https:\/\/luxappartamenti.it\/spa\/wp-content\/uploads\/2016\/08\/DSC_9168-300x200.jpg 300w, https:\/\/luxappartamenti.it\/spa\/wp-content\/uploads\/2016\/08\/DSC_9168-768x511.jpg 768w, https:\/\/luxappartamenti.it\/spa\/wp-content\/uploads\/2016\/08\/DSC_9168.jpg 1280w\" sizes=\"(max-width: 1024px) 100vw, 1024px\" \/><\/figure><\/li><li class=\"blocks-gallery-item\"><figure><img loading=\"lazy\" width=\"682\" height=\"1024\" src=\"http:\/\/luxappartamenti.it\/spa\/wp-content\/uploads\/2016\/08\/DSC_9430-682x1024.jpg\" alt=\"\" data-id=\"71\" data-full-url=\"http:\/\/luxappartamenti.it\/spa\/wp-content\/uploads\/2016\/08\/DSC_9430.jpg\" data-link=\"http:\/\/luxappartamenti.it\/spa\/?attachment_id=71\" class=\"wp-image-71\" srcset=\"https:\/\/luxappartamenti.it\/spa\/wp-content\/uploads\/2016\/08\/DSC_9430-682x1024.jpg 682w, https:\/\/luxappartamenti.it\/spa\/wp-content\/uploads\/2016\/08\/DSC_9430-200x300.jpg 200w, https:\/\/luxappartamenti.it\/spa\/wp-content\/uploads\/2016\/08\/DSC_9430-768x1153.jpg 768w, https:\/\/luxappartamenti.it\/spa\/wp-content\/uploads\/2016\/08\/DSC_9430.jpg 1280w\" sizes=\"(max-width: 682px) 100vw, 682px\" \/><\/figure><\/li><\/ul><\/figure>\n\n\n\n<h4> BANO <\/h4>\n\n\n\n<figure class=\"wp-block-gallery columns-3 is-cropped\"><ul class=\"blocks-gallery-grid\"><li class=\"blocks-gallery-item\"><figure><img loading=\"lazy\" width=\"1024\" height=\"682\" src=\"http:\/\/luxappartamenti.it\/spa\/wp-content\/uploads\/2016\/08\/DSC_9450-1024x682.jpg\" alt=\"\" data-id=\"70\" data-full-url=\"http:\/\/luxappartamenti.it\/spa\/wp-content\/uploads\/2016\/08\/DSC_9450.jpg\" data-link=\"http:\/\/luxappartamenti.it\/spa\/?attachment_id=70\" class=\"wp-image-70\" srcset=\"https:\/\/luxappartamenti.it\/spa\/wp-content\/uploads\/2016\/08\/DSC_9450-1024x682.jpg 1024w, https:\/\/luxappartamenti.it\/spa\/wp-content\/uploads\/2016\/08\/DSC_9450-300x200.jpg 300w, https:\/\/luxappartamenti.it\/spa\/wp-content\/uploads\/2016\/08\/DSC_9450-768x511.jpg 768w, https:\/\/luxappartamenti.it\/spa\/wp-content\/uploads\/2016\/08\/DSC_9450.jpg 1280w\" sizes=\"(max-width: 1024px) 100vw, 1024px\" \/><\/figure><\/li><li class=\"blocks-gallery-item\"><figure><img loading=\"lazy\" width=\"1024\" height=\"682\" src=\"http:\/\/luxappartamenti.it\/spa\/wp-content\/uploads\/2016\/08\/DSC_9564-1024x682.jpg\" alt=\"\" data-id=\"69\" data-full-url=\"http:\/\/luxappartamenti.it\/spa\/wp-content\/uploads\/2016\/08\/DSC_9564.jpg\" data-link=\"http:\/\/luxappartamenti.it\/spa\/?attachment_id=69\" class=\"wp-image-69\" srcset=\"https:\/\/luxappartamenti.it\/spa\/wp-content\/uploads\/2016\/08\/DSC_9564-1024x682.jpg 1024w, https:\/\/luxappartamenti.it\/spa\/wp-content\/uploads\/2016\/08\/DSC_9564-300x200.jpg 300w, https:\/\/luxappartamenti.it\/spa\/wp-content\/uploads\/2016\/08\/DSC_9564-768x511.jpg 768w, https:\/\/luxappartamenti.it\/spa\/wp-content\/uploads\/2016\/08\/DSC_9564.jpg 1280w\" sizes=\"(max-width: 1024px) 100vw, 1024px\" \/><\/figure><\/li><li class=\"blocks-gallery-item\"><figure><img loading=\"lazy\" width=\"1024\" height=\"937\" src=\"http:\/\/luxappartamenti.it\/spa\/wp-content\/uploads\/2016\/08\/P1010901-1024x937.jpg\" alt=\"\" data-id=\"46\" data-full-url=\"http:\/\/luxappartamenti.it\/spa\/wp-content\/uploads\/2016\/08\/P1010901.jpg\" data-link=\"http:\/\/luxappartamenti.it\/spa\/?attachment_id=46\" class=\"wp-image-46\" srcset=\"https:\/\/luxappartamenti.it\/spa\/wp-content\/uploads\/2016\/08\/P1010901-1024x937.jpg 1024w, https:\/\/luxappartamenti.it\/spa\/wp-content\/uploads\/2016\/08\/P1010901-300x274.jpg 300w, https:\/\/luxappartamenti.it\/spa\/wp-content\/uploads\/2016\/08\/P1010901-768x703.jpg 768w, https:\/\/luxappartamenti.it\/spa\/wp-content\/uploads\/2016\/08\/P1010901.jpg 1280w\" sizes=\"(max-width: 1024px) 100vw, 1024px\" \/><\/figure><\/li><\/ul><\/figure>\n\n\n\n<h4> PLANES <\/h4>\n\n\n\n<figure class=\"wp-block-gallery columns-3 is-cropped\"><ul class=\"blocks-gallery-grid\"><li class=\"blocks-gallery-item\"><figure><img loading=\"lazy\" width=\"635\" height=\"408\" src=\"http:\/\/luxappartamenti.it\/spa\/wp-content\/uploads\/2016\/08\/p1.gif\" alt=\"\" data-id=\"128\" data-full-url=\"http:\/\/luxappartamenti.it\/spa\/wp-content\/uploads\/2016\/08\/p1.gif\" data-link=\"http:\/\/luxappartamenti.it\/spa\/?attachment_id=128\" class=\"wp-image-128\"\/><\/figure><\/li><li class=\"blocks-gallery-item\"><figure><img loading=\"lazy\" width=\"635\" height=\"408\" src=\"http:\/\/luxappartamenti.it\/spa\/wp-content\/uploads\/2016\/08\/p2.gif\" alt=\"\" data-id=\"127\" data-full-url=\"http:\/\/luxappartamenti.it\/spa\/wp-content\/uploads\/2016\/08\/p2.gif\" data-link=\"http:\/\/luxappartamenti.it\/spa\/?attachment_id=127\" class=\"wp-image-127\"\/><\/figure><\/li><li class=\"blocks-gallery-item\"><figure><img loading=\"lazy\" width=\"635\" height=\"408\" src=\"http:\/\/luxappartamenti.it\/spa\/wp-content\/uploads\/2016\/08\/p3.gif\" alt=\"\" data-id=\"126\" data-full-url=\"http:\/\/luxappartamenti.it\/spa\/wp-content\/uploads\/2016\/08\/p3.gif\" data-link=\"http:\/\/luxappartamenti.it\/spa\/?attachment_id=126\" class=\"wp-image-126\"\/><\/figure><\/li><li class=\"blocks-gallery-item\"><figure><img loading=\"lazy\" width=\"562\" height=\"372\" src=\"http:\/\/luxappartamenti.it\/spa\/wp-content\/uploads\/2016\/08\/p4.gif\" alt=\"\" data-id=\"125\" data-full-url=\"http:\/\/luxappartamenti.it\/spa\/wp-content\/uploads\/2016\/08\/p4.gif\" data-link=\"http:\/\/luxappartamenti.it\/spa\/?attachment_id=125\" class=\"wp-image-125\"\/><\/figure><\/li><li class=\"blocks-gallery-item\"><figure><img loading=\"lazy\" width=\"635\" height=\"408\" src=\"http:\/\/luxappartamenti.it\/spa\/wp-content\/uploads\/2016\/08\/p5.gif\" alt=\"\" data-id=\"124\" data-full-url=\"http:\/\/luxappartamenti.it\/spa\/wp-content\/uploads\/2016\/08\/p5.gif\" data-link=\"http:\/\/luxappartamenti.it\/spa\/?attachment_id=124\" class=\"wp-image-124\"\/><\/figure><\/li><\/ul><\/figure>\n","protected":false},"excerpt":{"rendered":"<p>APARTAMENTOS Nuestros apartamentos est\u00e1n bien amueblados y equipados con todas las comodidades, ideales tambi\u00e9n para&#8230;<\/p>\n","protected":false},"author":1,"featured_media":0,"parent":0,"menu_order":10,"comment_status":"closed","ping_status":"closed","template":"","meta":[],"_links":{"self":[{"href":"https:\/\/luxappartamenti.it\/spa\/index.php?rest_route=\/wp\/v2\/pages\/91"}],"collection":[{"href":"https:\/\/luxappartamenti.it\/spa\/index.php?rest_route=\/wp\/v2\/pages"}],"about":[{"href":"https:\/\/luxappartamenti.it\/spa\/index.php?rest_route=\/wp\/v2\/types\/page"}],"author":[{"embeddable":true,"href":"https:\/\/luxappartamenti.it\/spa\/index.php?rest_route=\/wp\/v2\/users\/1"}],"replies":[{"embeddable":true,"href":"https:\/\/luxappartamenti.it\/spa\/index.php?rest_route=%2Fwp%2Fv2%2Fcomments&post=91"}],"version-history":[{"count":72,"href":"https:\/\/luxappartamenti.it\/spa\/index.php?rest_route=\/wp\/v2\/pages\/91\/revisions"}],"predecessor-version":[{"id":616,"href":"https:\/\/luxappartamenti.it\/spa\/index.php?rest_route=\/wp\/v2\/pages\/91\/revisions\/616"}],"wp:attachment":[{"href":"https:\/\/luxappartamenti.it\/spa\/index.php?rest_route=%2Fwp%2Fv2%2Fmedia&parent=91"}],"curies":[{"name":"wp","href":"https:\/\/api.w.org\/{rel}","templated":true}]}}