{"id":587,"date":"2016-12-16T15:10:23","date_gmt":"2016-12-16T14:10:23","guid":{"rendered":"http:\/\/luxappartamenti.it\/spa\/?page_id=587"},"modified":"2016-12-16T15:15:45","modified_gmt":"2016-12-16T14:15:45","slug":"privacy-policy","status":"publish","type":"page","link":"https:\/\/luxappartamenti.it\/spa\/?page_id=587","title":{"rendered":"Privacy Policy"},"content":{"rendered":"<p>Informaci\u00f3n de Internet y consentimiento para el tratamiento de los datos personales (Decreto Legislativo n. 196, de 30 de junio de 2003)<\/p>\n<p>Estimado cliente,<br \/>\nLe informamos, de conformidad con el art\u00edculo 13 del C\u00f3digo en materia de protecci\u00f3n de datos personales (Decreto 196\/03), los datos proporcionados con su correo electr\u00f3nico ser\u00e1n tratados exclusivamente por LUX APPARTAMENTI DI CIVITADUE SRL, y no ser\u00e1n cedidos a terceros.<\/p>\n<p>El tratamiento se puede realizar el uso de papel o un ordenador y \/ o de telecomunicaciones; en todos los casos, el tratamiento debe ser el uso de m\u00e9todos que garanticen la seguridad y confidencialidad.<br \/>\nEl tratamiento de sus datos personales es LUX APPARTAMENTI DI CIVITADUE SRL con domicilio social en la calle Via Orvinio, 15-00199 Roma, C. F. &#8211; italia.<\/p>\n<p>Dentro de la empresa LUX APPARTAMENTI DI CIVITADUE SRL sus datos personales ser\u00e1n tratados por los empleados de servicio al cliente, ventas, marketing, facturaci\u00f3n y contabilidad.<\/p>\n<p>El personal, que actuar\u00e1 bajo la autoridad directa del &#8220;Proceso de Datos&#8221; a cargo y se han designado recibida a este respecto, instrucciones de funcionamiento adecuadas.<br \/>\nResponsable del tratamiento de los datos de su LUX APPARTAMENTI DI CIVITADUE SRL con domicilio social en Via Orvinio, 15-00199 Roma, C. F. &#8211; italia.<\/p>\n<p>En lo que respecta al tratamiento de datos personales, puede en cualquier momento ejercer sus derechos con arreglo al art. 7 del C\u00f3digo, que por conveniencia se da a continuaci\u00f3n, escribiendo a:<br \/>\nLUX APPARTAMENTI DI CIVITADUE SRL con domicilio social en Via Orvinio, 15-00.199 Roma, C. F. &#8211; italia.<\/p>\n<p>1. Usted tiene derecho a obtener la confirmaci\u00f3n de la existencia o no de datos personales que le conciernen, aunque todav\u00eda no est\u00e9n registrados, y su comunicaci\u00f3n en forma inteligible.<\/p>\n<p>2. Usted tiene el derecho de obtener informaci\u00f3n:<br \/>\na) el origen de los datos personales;<br \/>\nb) los fines y m\u00e9todos de tratamiento;<br \/>\nc) la l\u00f3gica aplicada en caso de tratamiento con instrumentos electr\u00f3nicos;<br \/>\nd) la identidad del propietario, gerente y del representante designado en el Estado italiano, en su caso;<br \/>\ne) los sujetos o categor\u00edas de personas a las que los datos pueden ser comunicados o que pueden conocerlos en calidad de representante designado en el Estado, gerentes o encargados italianos.<br \/>\n3. Usted tiene el derecho a:<br \/>\na) la actualizaci\u00f3n, rectificaci\u00f3n o, si es necesario, la integraci\u00f3n de los datos;<br \/>\nb) la cancelaci\u00f3n, la transformaci\u00f3n en forma an\u00f3nima o el bloqueo de los datos tratados violando la ley, incluidos aquellos cuya conservaci\u00f3n no es necesaria para los fines para los que fueron recogidos o sucesivamente tratados;<br \/>\nc) la certificaci\u00f3n de que las operaciones en las letras a) yb) han sido notificados, tambi\u00e9n en lo que respecta a su contenido, a aquellos a quienes han sido comunicados o difundidos los datos, a menos que este requisito resulte imposible o suponga una claramente desproporcionado con respecto al derecho protegido.<\/p>\n<p>4. Usted tiene el derecho a oponerse, en todo o en parte:<br \/>\na) por motivos leg\u00edtimos al tratamiento de datos personales, pertinentes a los efectos de la percepci\u00f3n;<br \/>\nb) al tratamiento de datos personales con fines de env\u00edo de material publicitario o de venta directa o para llevar a cabo estudios de mercado o de comunicaci\u00f3n comercial. &#8221;<br \/>\nLos derechos mencionados anteriormente pueden ser ejercidos en forma directa o por conferir, por escrito, delegado o proxy para individuos o asociaciones.<br \/>\nLos derechos mencionados en el art\u00edculo 7, se ejercer\u00e1n con una solicitud informal al due\u00f1o o administrador, tambi\u00e9n a trav\u00e9s de una persona designada que se da respuesta adecuada y sin demora.<br \/>\nLa solicitud al propietario o gerente tambi\u00e9n puede ser enviada por correo, fax o correo electr\u00f3nico.<\/p>\n<p>5. Controlador de Datos<br \/>\nEl responsable del fichero es LUX APPARTAMENTI DI CIVITADUE SRL con domicilio social en la calle Via Orvinio, 15-00.199 Roma, C. F. &#8211; italia.<\/p>\n<p>controlador de datos 6<\/p>\n<p>Las solicitudes deben ser enviadas a: &#8220;En el Administrador de datos&#8221; PISOS ASH CIVITADUE SRL con domicilio social en Via Orvinio, 15-00199 Roma, C. F. &#8211; italia.<\/p>\n","protected":false},"excerpt":{"rendered":"<p>Informaci\u00f3n de Internet y consentimiento para el tratamiento de los datos personales (Decreto Legislativo n&#8230;.<\/p>\n","protected":false},"author":1,"featured_media":0,"parent":0,"menu_order":0,"comment_status":"closed","ping_status":"closed","template":"","meta":[],"_links":{"self":[{"href":"https:\/\/luxappartamenti.it\/spa\/index.php?rest_route=\/wp\/v2\/pages\/587"}],"collection":[{"href":"https:\/\/luxappartamenti.it\/spa\/index.php?rest_route=\/wp\/v2\/pages"}],"about":[{"href":"https:\/\/luxappartamenti.it\/spa\/index.php?rest_route=\/wp\/v2\/types\/page"}],"author":[{"embeddable":true,"href":"https:\/\/luxappartamenti.it\/spa\/index.php?rest_route=\/wp\/v2\/users\/1"}],"replies":[{"embeddable":true,"href":"https:\/\/luxappartamenti.it\/spa\/index.php?rest_route=%2Fwp%2Fv2%2Fcomments&post=587"}],"version-history":[{"count":3,"href":"https:\/\/luxappartamenti.it\/spa\/index.php?rest_route=\/wp\/v2\/pages\/587\/revisions"}],"predecessor-version":[{"id":590,"href":"https:\/\/luxappartamenti.it\/spa\/index.php?rest_route=\/wp\/v2\/pages\/587\/revisions\/590"}],"wp:attachment":[{"href":"https:\/\/luxappartamenti.it\/spa\/index.php?rest_route=%2Fwp%2Fv2%2Fmedia&parent=587"}],"curies":[{"name":"wp","href":"https:\/\/api.w.org\/{rel}","templated":true}]}}