{"id":321,"date":"2016-09-21T14:45:26","date_gmt":"2016-09-21T12:45:26","guid":{"rendered":"http:\/\/luxappartamenti.it\/spa\/?page_id=321"},"modified":"2019-07-18T13:48:28","modified_gmt":"2019-07-18T11:48:28","slug":"prenotazione","status":"publish","type":"page","link":"https:\/\/luxappartamenti.it\/spa\/?page_id=321","title":{"rendered":"Reserva"},"content":{"rendered":"<h3><span style=\"text-decoration: underline;\">T\u00e9rminos y Condiciones<\/span><\/h3>\n<p><strong>RESERVAS<\/strong><br \/>\nPrecios*, t\u00e9rminos y condiciones<\/p>\n<p><strong>A\u00d1O 2019\/2020<\/strong><\/p>\n<p>Precios por apartamento: desde \u20ac 70,00 a \u20ac 200,00 **<br \/>\nPor cada persona adicional *** a partir de 10 \u20ac \/ d\u00eda<br \/>\nPara \u00a0promoci\u00f3nes o largas estancias contacten a la recepci\u00f3n.<\/p>\n<p>* El precio no incluye el impuesto de turismo de la ciudad de Roma (3,50 \u20ac por persona y noche hasta el d\u00e9cimo d\u00eda, gratuito \u00a0para menores de 10 a\u00f1os)<br \/>\n** Hasta 2 personas.<br \/>\n** * Un menor de 5 a\u00f1os de edad se encuentra alojado de forma gratuita para cada apartamento.<\/p>\n<hr \/>\n<div class=\"col-md-6\" style=\"padding-left: 0px;\">\n<p><strong>LLEGADAS Y SALIDAS<\/strong><\/p>\n<p>Los hu\u00e9spedes deben comunicar con antelaci\u00f3n su horario de llegada, por tel\u00e9fono o por correo electr\u00f3nico o WhatsApp.<\/p>\n<p>El check-in se efectua <strong>SOLAMENTE CON CITA,<\/strong> desde el lunes hasta el s\u00e1bado incluido, entre las 14.00 y las 19.00 horas.<br \/>\nLas llegadas <span id=\"result_box\" class=\"short_text\" lang=\"es\">despu\u00e9s<\/span> de las 19.00 todo los dias, los domingos o los d\u00edas feriados, tienen que ser concertadas con antelaci\u00f3n directamente con la Recepci\u00f3n.<\/p>\n<p>Para las llegadas entre las 9.00 y las 14.00, es posible el uso gratuito de deposito de equipaje.<br \/>\nSalidas: los apartamentos deben quedar libres antes de las 10:00 del d\u00eda de salida. En caso de necesidad es posible utilizar gratuitamente el deposito de equipaje para el esto del d\u00eda.<\/p>\n<p><strong>CANCELACI\u00d3N<\/strong><\/p>\n<p>Cancelaci\u00f3n gratuita hasta 8 d\u00edas antes de la llegada. A partir de 7 d\u00edas o m\u00e1s, las cancelaciones est\u00e1n sujetas a una multa equivalente al 50{7b37dca71fd490d58dead9f6d80323da0323ef995ef1ab2b2bb90b65aba7da6a} del total a pagar por la estancia.<\/p>\n<\/div>\n<div class=\"col-md-6\">\n<p><strong>CONDICIONES<\/strong><\/p>\n<p>Los precios incluyen los servicios como se especifica en la secci\u00f3n &#8220;Servicios&#8221;.<br \/>\nSer\u00e1n necesarios los datos de una tarjeta de cr\u00e9dito para garantizar eventuales da\u00f1os causados a la vivienda.<\/p>\n<p>Online, puede elegir una de las siguientes v\u00edas de reservaci\u00f3n:<br \/>\n&#8211; Tarjeta de cr\u00e9dito s\u00f3lo como garant\u00eda, con la confirmaci\u00f3n inmediata de la reserva. El pago se realizar\u00e1 a la llegada en efectivo o con tarjeta de cr\u00e9dito con una comisi\u00f3n del 3{7b37dca71fd490d58dead9f6d80323da0323ef995ef1ab2b2bb90b65aba7da6a}.<br \/>\n&#8211; Transferencia bancaria del 50{7b37dca71fd490d58dead9f6d80323da0323ef995ef1ab2b2bb90b65aba7da6a} del total a pagar. Contabilizado el dep\u00f3sitos recibir\u00e1 la confirmaci\u00f3n final. El saldo se requerir\u00e1 a la entrega de llaves, en efectivo o con tarjeta de cr\u00e9dito con una comisi\u00f3n del 3{7b37dca71fd490d58dead9f6d80323da0323ef995ef1ab2b2bb90b65aba7da6a}.<\/p>\n<\/div>\n","protected":false},"excerpt":{"rendered":"<p>T\u00e9rminos y Condiciones RESERVAS Precios*, t\u00e9rminos y condiciones A\u00d1O 2019\/2020 Precios por apartamento: desde \u20ac&#8230;<\/p>\n","protected":false},"author":1,"featured_media":0,"parent":0,"menu_order":100,"comment_status":"closed","ping_status":"closed","template":"templates\/preno.php","meta":[],"_links":{"self":[{"href":"https:\/\/luxappartamenti.it\/spa\/index.php?rest_route=\/wp\/v2\/pages\/321"}],"collection":[{"href":"https:\/\/luxappartamenti.it\/spa\/index.php?rest_route=\/wp\/v2\/pages"}],"about":[{"href":"https:\/\/luxappartamenti.it\/spa\/index.php?rest_route=\/wp\/v2\/types\/page"}],"author":[{"embeddable":true,"href":"https:\/\/luxappartamenti.it\/spa\/index.php?rest_route=\/wp\/v2\/users\/1"}],"replies":[{"embeddable":true,"href":"https:\/\/luxappartamenti.it\/spa\/index.php?rest_route=%2Fwp%2Fv2%2Fcomments&post=321"}],"version-history":[{"count":21,"href":"https:\/\/luxappartamenti.it\/spa\/index.php?rest_route=\/wp\/v2\/pages\/321\/revisions"}],"predecessor-version":[{"id":606,"href":"https:\/\/luxappartamenti.it\/spa\/index.php?rest_route=\/wp\/v2\/pages\/321\/revisions\/606"}],"wp:attachment":[{"href":"https:\/\/luxappartamenti.it\/spa\/index.php?rest_route=%2Fwp%2Fv2%2Fmedia&parent=321"}],"curies":[{"name":"wp","href":"https:\/\/api.w.org\/{rel}","templated":true}]}}