{"id":98,"date":"2016-08-29T11:30:54","date_gmt":"2016-08-29T09:30:54","guid":{"rendered":"http:\/\/luxappartamenti.it\/fra\/?page_id=98"},"modified":"2017-02-03T15:22:02","modified_gmt":"2017-02-03T14:22:02","slug":"vicino-a-noi","status":"publish","type":"page","link":"https:\/\/luxappartamenti.it\/fra\/?page_id=98","title":{"rendered":"POURQUOI NOUS"},"content":{"rendered":"<div class=\"col-md-12\">\n<p><strong>POURQUOI NOUS<\/strong><\/p>\n<hr \/>\n<p><i class=\"fa fa-check\"><\/i> <strong>POSITION STRAT\u00c9GIQUE<\/strong><\/p>\n<p style=\"text-align: justify;\">Proche des arr\u00eats du bus, du tram et \u00e0 une courte distance du m\u00e9tro, les appartements se trouvent \u00e0 10 minutes de la gare Termini, point central des transports publics \u00e0 Rome et dans une position strat\u00e9gique pour rejoindre facilement le centre historique et les zones monumentales de la ville. Pr\u00e8s de supermarch\u00e9s, bureau de poste, pharmacies, banques, pizzerias, stations d&#8217;essence, des gymnases avec piscine, restaurants et bars.<\/p>\n<hr \/>\n<p><i class=\"fa fa-check\"><\/i> <strong>PERSONNEL POLYGLOTTE<\/strong><\/p>\n<p style=\"text-align: justify;\">Bien que \u00ab\u00a0maison vacances\u00a0\u00bb nous n\u2019aurions aucune obligation d&#8217;offrir une r\u00e9ception et un service de conciergerie, notre personnel est habituellement sur place pour accueillir, informations touristiques, conseils, impression, photocopies, du lundi au samedi 9:00-\u00e0-19h00.<\/p>\n<p style=\"text-align: justify;\">Nous parlons votre langue!<\/p>\n<hr \/>\n<p><strong><i class=\"fa fa-check\"><\/i> NETTOYAGE<\/strong><\/p>\n<p style=\"text-align: justify;\">Jusqu&#8217;\u00e0 4 jours de s\u00e9jour, le nettoyage final est inclus dans le prix. Plus de 4 jours, sera garantie jusqu&#8217;\u00e0 2 r\u00e9arrangements avec changement de linge par semaine. En cas de besoin et sur demande, notre personnel sera sur place pour des changements de linge et\/ou de nettoyage suppl\u00e9mentaire.<\/p>\n<hr \/>\n<\/div>\n<p>&nbsp;<\/p>\n<div class=\"col-md-12\">\n<h3>Pr\u00e8s DE NOUS<\/h3>\n<p>&nbsp;<\/p>\n<div class=\"col-md-3\"><img loading=\"lazy\" class=\"aligncenter size-full wp-image-208\" src=\"http:\/\/luxappartamenti.it\/eng\/wp-content\/uploads\/2016\/08\/mura_1-1.jpg\" alt=\"mura_1\" width=\"255\" height=\"255\" srcset=\"https:\/\/luxappartamenti.it\/fra\/wp-content\/uploads\/2016\/08\/mura_1-1.jpg 255w, https:\/\/luxappartamenti.it\/fra\/wp-content\/uploads\/2016\/08\/mura_1-1-150x150.jpg 150w\" sizes=\"(max-width: 255px) 100vw, 255px\" \/><\/div>\n<div class=\"col-md-3\">\n<p><strong><u>MURA AURELIANE (Murs Aur\u00e9lien) &#8211; 50 m\u00e8tres<\/u><\/strong><\/p>\n<p>Construit au IIIe si\u00e8cle apr\u00e8s JC par l&#8217;empereur Aur\u00e9lien parce que les murs ant\u00e9rieurs du VI si\u00e8cle avant JC ne suffisaient plus pour d\u00e9fendre la ville, fortement accrue, de l&#8217;attaque des Barbares. Sur les 19 km d&#8217;origine de la muraille ancienne, aujourd&#8217;hui il restent a encore 12,5 km.<\/p>\n<p>&nbsp;<\/p>\n<\/div>\n<div class=\"col-md-3\"><img loading=\"lazy\" class=\"aligncenter size-full wp-image-220\" src=\"http:\/\/luxappartamenti.it\/eng\/wp-content\/uploads\/2016\/08\/porta_maggiore.jpg\" alt=\"porta_maggiore\" width=\"255\" height=\"255\" srcset=\"https:\/\/luxappartamenti.it\/fra\/wp-content\/uploads\/2016\/08\/porta_maggiore.jpg 255w, https:\/\/luxappartamenti.it\/fra\/wp-content\/uploads\/2016\/08\/porta_maggiore-150x150.jpg 150w\" sizes=\"(max-width: 255px) 100vw, 255px\" \/><\/div>\n<div class=\"col-md-3\">\n<p><strong><u>PORTA MAGGIORE (Porte Majeure) &#8211;\u00a0 200 m\u00e8tres <\/u><\/strong><\/p>\n<p>Construite au premier si\u00e8cle apr\u00e8s JC telle qu\u2019un arc monumental au point de convergence de huit des onze aqueducs de la ville, <em>Porta Maggiore<\/em> a \u00e9t\u00e9 int\u00e9gr\u00e9e aux murs d&#8217;Aur\u00e9lien. Aujourd&#8217;hui, elle est encore parfaitement pr\u00e9serv\u00e9e dans son ancienne gloire.<\/p>\n<\/div>\n<\/div>\n<div class=\"col-md-12\">\n<hr \/>\n<\/div>\n<div class=\"col-md-12\">\n<div class=\"col-md-3\">\n<p><strong><u>SANTA CROCE IN GERUSALEMME (Sainte croix de J\u00e9rusalem)- 450m<\/u><\/strong><\/p>\n<p>La basilique Sainte-Croix-de-J\u00e9rusalem date du IVe si\u00e8cle apr\u00e8s JC et est l&#8217;une des fameuse \u00ab\u00a0Sept \u00e9glises de Rome\u00a0\u00bb. \u00a0A quelques pas de la place de <em>Porta Maggiore<\/em>, l&#8217;\u00e9glise actuelle est de style baroque et garde quelques-unes des plus importantes reliques de la Passion de Christ en tant que fragments de la croix, de la couronne d&#8217;\u00e9pines, un clou sacr\u00e9 et le <em>titulus crucis<\/em>.<\/p>\n<\/div>\n<div class=\"col-md-3\"><img loading=\"lazy\" class=\"aligncenter wp-image-232 size-full\" src=\"http:\/\/luxappartamenti.it\/eng\/wp-content\/uploads\/2016\/08\/scroce.jpg\" width=\"255\" height=\"255\" srcset=\"https:\/\/luxappartamenti.it\/fra\/wp-content\/uploads\/2016\/08\/scroce.jpg 255w, https:\/\/luxappartamenti.it\/fra\/wp-content\/uploads\/2016\/08\/scroce-150x150.jpg 150w\" sizes=\"(max-width: 255px) 100vw, 255px\" \/><\/div>\n<div class=\"col-md-3\">\n<p><strong><u>SAN GIOVANNI IN LATERANO (Saint Jean de Latran)- 1.4km<\/u><\/strong><\/p>\n<p>Elle est la premi\u00e8re des quatre basiliques papales et la plus ancienne et la plus importante de l&#8217;Eglise occidentale. La premi\u00e8re basilique date du IVe si\u00e8cle apr\u00e8s JC. Construite et restaur\u00e9e \u00e0 plusieurs reprises, le plus r\u00e9cemment au XIXe si\u00e8cle, Saint-Jean de Latran est l&#8217;\u00e9glise cath\u00e9drale de l&#8217;\u00e9v\u00eaque de Rome, le pape. Le grand complexe dont elle fait partie est \u00e9galement compos\u00e9 d&#8217;un magnifique Baptist\u00e8re du Ve si\u00e8cle et la <em>Scala Sancta<\/em>.<\/p>\n<\/div>\n<div class=\"col-md-3\"><img loading=\"lazy\" class=\"aligncenter wp-image-272 size-full\" src=\"http:\/\/luxappartamenti.it\/eng\/wp-content\/uploads\/2016\/08\/sangiovanni.jpg\" width=\"255\" height=\"255\" srcset=\"https:\/\/luxappartamenti.it\/fra\/wp-content\/uploads\/2016\/08\/sangiovanni.jpg 255w, https:\/\/luxappartamenti.it\/fra\/wp-content\/uploads\/2016\/08\/sangiovanni-150x150.jpg 150w\" sizes=\"(max-width: 255px) 100vw, 255px\" \/><\/div>\n<\/div>\n<div class=\"col-md-12\">\n<hr \/>\n<\/div>\n<div class=\"col-md-12\">\n<div class=\"col-md-3\"><img loading=\"lazy\" class=\"aligncenter size-full wp-image-241\" src=\"http:\/\/luxappartamenti.it\/eng\/wp-content\/uploads\/2016\/08\/santa.jpg\" alt=\"santa\" width=\"255\" height=\"255\" srcset=\"https:\/\/luxappartamenti.it\/fra\/wp-content\/uploads\/2016\/08\/santa.jpg 255w, https:\/\/luxappartamenti.it\/fra\/wp-content\/uploads\/2016\/08\/santa-150x150.jpg 150w\" sizes=\"(max-width: 255px) 100vw, 255px\" \/><\/div>\n<div class=\"col-md-3\">\n<p><strong><u>SCALA SANTA (Saint Escalier )- 1.3km<\/u><\/strong><\/p>\n<p>Selon la tradition, les 28 marches de marbre de la <em>Scala Sancta<\/em> \u00e9taient mont\u00e9es par J\u00e9sus pour atteindre la pr\u00e9sence de Ponce Pilate. Les p\u00e8lerins qui viennent visiter la <em>Scala<\/em>, parcourent la m\u00eame sur ses genoux, pour \u00eatre absous de leurs p\u00e9ch\u00e9s.<\/p>\n<\/div>\n<div class=\"col-md-3\"><img loading=\"lazy\" class=\"aligncenter size-full wp-image-243\" src=\"http:\/\/luxappartamenti.it\/eng\/wp-content\/uploads\/2016\/08\/colosseo.jpg\" alt=\"colosseo\" width=\"255\" height=\"255\" srcset=\"https:\/\/luxappartamenti.it\/fra\/wp-content\/uploads\/2016\/08\/colosseo.jpg 255w, https:\/\/luxappartamenti.it\/fra\/wp-content\/uploads\/2016\/08\/colosseo-150x150.jpg 150w\" sizes=\"(max-width: 255px) 100vw, 255px\" \/><\/div>\n<div class=\"col-md-3\">\n<p><strong><u>COLOSSEO (Colis\u00e9e) 2.2 km<\/u><\/strong><\/p>\n<p>Le Colis\u00e9e est certainement l&#8217;un des monuments les plus c\u00e9l\u00e8bres au monde. Symbole de la Rome antique, l\u2019amphith\u00e9\u00e2tre Flavien remonte au premier si\u00e8cle apr\u00e8s JC et se dresse sur trois rang\u00e9es d&#8217;arcades qui \u00e9taient autrefois couvertes de marbre et o\u00f9 \u00e9taient log\u00e9es de pr\u00e9cieuses statues. Plus de 50.000 personnes pourraient assister aux spectacles de gladiateurs et des lions. En 2007, il a \u00e9t\u00e9 inclus parmi les Sept Nouvelles Merveilles du Monde.<\/p>\n<\/div>\n<\/div>\n","protected":false},"excerpt":{"rendered":"<p>POURQUOI NOUS POSITION STRAT\u00c9GIQUE Proche des arr\u00eats du bus, du tram et \u00e0 une courte&#8230;<\/p>\n","protected":false},"author":1,"featured_media":0,"parent":0,"menu_order":35,"comment_status":"closed","ping_status":"closed","template":"","meta":[],"_links":{"self":[{"href":"https:\/\/luxappartamenti.it\/fra\/index.php?rest_route=\/wp\/v2\/pages\/98"}],"collection":[{"href":"https:\/\/luxappartamenti.it\/fra\/index.php?rest_route=\/wp\/v2\/pages"}],"about":[{"href":"https:\/\/luxappartamenti.it\/fra\/index.php?rest_route=\/wp\/v2\/types\/page"}],"author":[{"embeddable":true,"href":"https:\/\/luxappartamenti.it\/fra\/index.php?rest_route=\/wp\/v2\/users\/1"}],"replies":[{"embeddable":true,"href":"https:\/\/luxappartamenti.it\/fra\/index.php?rest_route=%2Fwp%2Fv2%2Fcomments&post=98"}],"version-history":[{"count":69,"href":"https:\/\/luxappartamenti.it\/fra\/index.php?rest_route=\/wp\/v2\/pages\/98\/revisions"}],"predecessor-version":[{"id":618,"href":"https:\/\/luxappartamenti.it\/fra\/index.php?rest_route=\/wp\/v2\/pages\/98\/revisions\/618"}],"wp:attachment":[{"href":"https:\/\/luxappartamenti.it\/fra\/index.php?rest_route=%2Fwp%2Fv2%2Fmedia&parent=98"}],"curies":[{"name":"wp","href":"https:\/\/api.w.org\/{rel}","templated":true}]}}