{"id":91,"date":"2016-08-29T11:27:52","date_gmt":"2016-08-29T09:27:52","guid":{"rendered":"http:\/\/luxappartamenti.it\/fra\/?page_id=91"},"modified":"2020-06-24T19:51:55","modified_gmt":"2020-06-24T17:51:55","slug":"appartamenti","status":"publish","type":"page","link":"https:\/\/luxappartamenti.it\/fra\/?page_id=91","title":{"rendered":"APPARTEMENTS"},"content":{"rendered":"<h2 style=\"text-align: justify;\">DESCRIPTION DES APPARTEMENTS<\/h2>\n<p style=\"text-align: justify;\">Nos appartements sont bien meubl\u00e9s et \u00e9quip\u00e9s de tous les conforts, id\u00e9als pour les longs s\u00e9jours. Ils se composent de: entr\u00e9e, une chambre double, une salle de s\u00e9jour avec 1 ou 2 canap\u00e9s lits (double place), cuisine ouverte ou ferm\u00e9e enti\u00e8rement \u00e9quip\u00e9e et salle de bains avec douche. Chaque appartement dispose de chauffage et climatisation autonome et d\u2019une place de parking dans le garage ci-dessous.<\/p>\n<hr \/>\n<h3 style=\"text-align: justify;\"><strong>NOS<\/strong> SERVICES<\/h3>\n<p style=\"text-align: justify;\">Pour rendre votre s\u00e9jour confortable dans chaque appartement, vous trouverez:<\/p>\n<p style=\"text-align: justify;\">TV 32&#8221; LED SATELLITE, t\u00e9l\u00e9phone direct pour les appels nationaux, \u00a0Wi-Fi, machine \u00e0 laver, \u00a0s\u00e8che-linge, lave-vaisselle, four \u00e9lectrique, r\u00e9frig\u00e9rateur et cong\u00e9lateur, machine \u00e0 caf\u00e9, micro-ondes, bouilloire, grille-pain, fer et planche \u00e0 repasser, s\u00e8che-cheveux, un coffre-fort, vid\u00e9ophone.<br \/>Disponible sur demande sans frais suppl\u00e9mentaires: r\u00e9veil, presse-agrumes, mixeur, radio, chaise et lit b\u00e9b\u00e9.<\/p>\n<p><strong><span style=\"color: #800000;\">Dans le cadre de la pand\u00e9mie de coronavirus (COVID-19), cet \u00e9tablissement applique actuellement des mesures sanitaires suppl\u00e9mentaires pour assurer la s\u00e9curit\u00e9 de ses clients et de son personnel. Certains services et \u00e9quipements peuvent donc \u00eatre r\u00e9duits ou indisponibles.<\/span><\/strong><\/p>\n<h3 style=\"text-align: justify;\">INCLUS DANS LE<strong> PRIX<\/strong><\/h3>\n<p style=\"text-align: justify;\">Parking couvert, services, appels nationaux, Wi-Fi, linge, nettoyage final, et un changements de serviettes par semaine\u00a0<span class=\"tlid-translation translation\" lang=\"fr\"><span title=\"\">pour les longs s\u00e9jours<\/span><\/span>,\u00a0pr\u00e9sence de notre personnel polyglotte sur le site et disponibilit\u00e9 d\u2019empreintes ou des photocopies si n\u00e9cessaire.<\/p>\n<div class=\"col-md-12\">\u00a0<\/div>\n<div class=\"col-md-12 paddasopra\">\n<div class=\"col-md-3\"><img src=\"http:\/\/luxappartamenti.it\/fra\/wp-content\/uploads\/2016\/09\/lux_servizi_0_francese.jpg\" \/><\/div>\n<div class=\"col-md-3\"><img src=\"http:\/\/luxappartamenti.it\/fra\/wp-content\/uploads\/2016\/09\/lux_servizi_01_francese.jpg\" \/><\/div>\n<div class=\"col-md-3\"><img src=\"http:\/\/luxappartamenti.it\/fra\/wp-content\/uploads\/2016\/09\/lux_servizi_03_francese.jpg\" \/><\/div>\n<div class=\"col-md-3\"><img src=\"http:\/\/luxappartamenti.it\/fra\/wp-content\/uploads\/2016\/09\/lux_servizi_04_francese.jpg\" \/><\/div>\n<\/div>\n<div class=\"col-md-12 paddasopra\">\u00a0<\/div>\n<hr \/>\n<h3 style=\"text-align: center;\">Galerie de photos<\/h3>\n<hr \/>\n\n\n<h4>CHAMBRE \u00c0 COUCHER<\/h4>\n\n\n\n<figure class=\"wp-block-gallery columns-3 is-cropped\"><ul class=\"blocks-gallery-grid\"><li class=\"blocks-gallery-item\"><figure><img loading=\"lazy\" width=\"1024\" height=\"718\" src=\"https:\/\/luxappartamenti.it\/fra\/wp-content\/uploads\/2016\/08\/P1010928-1024x718.jpg\" alt=\"\" data-id=\"36\" data-full-url=\"https:\/\/luxappartamenti.it\/fra\/wp-content\/uploads\/2016\/08\/P1010928.jpg\" data-link=\"https:\/\/luxappartamenti.it\/fra\/?attachment_id=36\" class=\"wp-image-36\" srcset=\"https:\/\/luxappartamenti.it\/fra\/wp-content\/uploads\/2016\/08\/P1010928-1024x718.jpg 1024w, https:\/\/luxappartamenti.it\/fra\/wp-content\/uploads\/2016\/08\/P1010928-300x210.jpg 300w, https:\/\/luxappartamenti.it\/fra\/wp-content\/uploads\/2016\/08\/P1010928-768x538.jpg 768w, https:\/\/luxappartamenti.it\/fra\/wp-content\/uploads\/2016\/08\/P1010928.jpg 1280w\" sizes=\"(max-width: 1024px) 100vw, 1024px\" \/><\/figure><\/li><li class=\"blocks-gallery-item\"><figure><img loading=\"lazy\" width=\"1024\" height=\"682\" src=\"https:\/\/luxappartamenti.it\/fra\/wp-content\/uploads\/2016\/08\/8-DSC_9472-1024x682.jpg\" alt=\"\" data-id=\"79\" data-full-url=\"https:\/\/luxappartamenti.it\/fra\/wp-content\/uploads\/2016\/08\/8-DSC_9472.jpg\" data-link=\"https:\/\/luxappartamenti.it\/fra\/?attachment_id=79\" class=\"wp-image-79\" srcset=\"https:\/\/luxappartamenti.it\/fra\/wp-content\/uploads\/2016\/08\/8-DSC_9472-1024x682.jpg 1024w, https:\/\/luxappartamenti.it\/fra\/wp-content\/uploads\/2016\/08\/8-DSC_9472-300x200.jpg 300w, https:\/\/luxappartamenti.it\/fra\/wp-content\/uploads\/2016\/08\/8-DSC_9472-768x511.jpg 768w, https:\/\/luxappartamenti.it\/fra\/wp-content\/uploads\/2016\/08\/8-DSC_9472.jpg 1280w\" sizes=\"(max-width: 1024px) 100vw, 1024px\" \/><\/figure><\/li><li class=\"blocks-gallery-item\"><figure><img loading=\"lazy\" width=\"1024\" height=\"682\" src=\"https:\/\/luxappartamenti.it\/fra\/wp-content\/uploads\/2016\/08\/13-DSC_9359-1024x682.jpg\" alt=\"\" data-id=\"80\" data-full-url=\"https:\/\/luxappartamenti.it\/fra\/wp-content\/uploads\/2016\/08\/13-DSC_9359.jpg\" data-link=\"https:\/\/luxappartamenti.it\/fra\/?attachment_id=80\" class=\"wp-image-80\" srcset=\"https:\/\/luxappartamenti.it\/fra\/wp-content\/uploads\/2016\/08\/13-DSC_9359-1024x682.jpg 1024w, https:\/\/luxappartamenti.it\/fra\/wp-content\/uploads\/2016\/08\/13-DSC_9359-300x200.jpg 300w, https:\/\/luxappartamenti.it\/fra\/wp-content\/uploads\/2016\/08\/13-DSC_9359-768x511.jpg 768w, https:\/\/luxappartamenti.it\/fra\/wp-content\/uploads\/2016\/08\/13-DSC_9359.jpg 1280w\" sizes=\"(max-width: 1024px) 100vw, 1024px\" \/><\/figure><\/li><li class=\"blocks-gallery-item\"><figure><img loading=\"lazy\" width=\"1024\" height=\"768\" src=\"https:\/\/luxappartamenti.it\/fra\/wp-content\/uploads\/2016\/08\/P1010920-1024x768.jpg\" alt=\"\" data-id=\"38\" data-full-url=\"https:\/\/luxappartamenti.it\/fra\/wp-content\/uploads\/2016\/08\/P1010920.jpg\" data-link=\"https:\/\/luxappartamenti.it\/fra\/?attachment_id=38\" class=\"wp-image-38\" srcset=\"https:\/\/luxappartamenti.it\/fra\/wp-content\/uploads\/2016\/08\/P1010920-1024x768.jpg 1024w, https:\/\/luxappartamenti.it\/fra\/wp-content\/uploads\/2016\/08\/P1010920-300x225.jpg 300w, https:\/\/luxappartamenti.it\/fra\/wp-content\/uploads\/2016\/08\/P1010920-768x576.jpg 768w, https:\/\/luxappartamenti.it\/fra\/wp-content\/uploads\/2016\/08\/P1010920.jpg 1280w\" sizes=\"(max-width: 1024px) 100vw, 1024px\" \/><\/figure><\/li><li class=\"blocks-gallery-item\"><figure><img loading=\"lazy\" width=\"1024\" height=\"768\" src=\"https:\/\/luxappartamenti.it\/fra\/wp-content\/uploads\/2016\/08\/P1010911-1024x768.jpg\" alt=\"\" data-id=\"41\" data-full-url=\"https:\/\/luxappartamenti.it\/fra\/wp-content\/uploads\/2016\/08\/P1010911.jpg\" data-link=\"https:\/\/luxappartamenti.it\/fra\/?attachment_id=41\" class=\"wp-image-41\" srcset=\"https:\/\/luxappartamenti.it\/fra\/wp-content\/uploads\/2016\/08\/P1010911-1024x768.jpg 1024w, https:\/\/luxappartamenti.it\/fra\/wp-content\/uploads\/2016\/08\/P1010911-300x225.jpg 300w, https:\/\/luxappartamenti.it\/fra\/wp-content\/uploads\/2016\/08\/P1010911-768x576.jpg 768w, https:\/\/luxappartamenti.it\/fra\/wp-content\/uploads\/2016\/08\/P1010911.jpg 1280w\" sizes=\"(max-width: 1024px) 100vw, 1024px\" \/><\/figure><\/li><li class=\"blocks-gallery-item\"><figure><img loading=\"lazy\" width=\"1024\" height=\"768\" src=\"https:\/\/luxappartamenti.it\/fra\/wp-content\/uploads\/2016\/08\/P1010898-1024x768.jpg\" alt=\"\" data-id=\"47\" data-full-url=\"https:\/\/luxappartamenti.it\/fra\/wp-content\/uploads\/2016\/08\/P1010898.jpg\" data-link=\"https:\/\/luxappartamenti.it\/fra\/?attachment_id=47\" class=\"wp-image-47\" srcset=\"https:\/\/luxappartamenti.it\/fra\/wp-content\/uploads\/2016\/08\/P1010898-1024x768.jpg 1024w, https:\/\/luxappartamenti.it\/fra\/wp-content\/uploads\/2016\/08\/P1010898-300x225.jpg 300w, https:\/\/luxappartamenti.it\/fra\/wp-content\/uploads\/2016\/08\/P1010898-768x576.jpg 768w, https:\/\/luxappartamenti.it\/fra\/wp-content\/uploads\/2016\/08\/P1010898.jpg 1280w\" sizes=\"(max-width: 1024px) 100vw, 1024px\" \/><\/figure><\/li><\/ul><\/figure>\n\n\n\n<h4> S\u00c9JOUR <\/h4>\n\n\n\n<figure class=\"wp-block-gallery columns-3 is-cropped\"><ul class=\"blocks-gallery-grid\"><li class=\"blocks-gallery-item\"><figure><img loading=\"lazy\" width=\"1024\" height=\"682\" src=\"https:\/\/luxappartamenti.it\/fra\/wp-content\/uploads\/2016\/08\/DSC_9170-1-1024x682.jpg\" alt=\"\" data-id=\"77\" data-full-url=\"https:\/\/luxappartamenti.it\/fra\/wp-content\/uploads\/2016\/08\/DSC_9170-1.jpg\" data-link=\"https:\/\/luxappartamenti.it\/fra\/?attachment_id=77\" class=\"wp-image-77\" srcset=\"https:\/\/luxappartamenti.it\/fra\/wp-content\/uploads\/2016\/08\/DSC_9170-1-1024x682.jpg 1024w, https:\/\/luxappartamenti.it\/fra\/wp-content\/uploads\/2016\/08\/DSC_9170-1-300x200.jpg 300w, https:\/\/luxappartamenti.it\/fra\/wp-content\/uploads\/2016\/08\/DSC_9170-1-768x511.jpg 768w, https:\/\/luxappartamenti.it\/fra\/wp-content\/uploads\/2016\/08\/DSC_9170-1.jpg 1280w\" sizes=\"(max-width: 1024px) 100vw, 1024px\" \/><\/figure><\/li><li class=\"blocks-gallery-item\"><figure><img loading=\"lazy\" width=\"1024\" height=\"637\" src=\"https:\/\/luxappartamenti.it\/fra\/wp-content\/uploads\/2016\/08\/OK-Living-room-3-1024x637.jpg\" alt=\"\" data-id=\"66\" data-full-url=\"https:\/\/luxappartamenti.it\/fra\/wp-content\/uploads\/2016\/08\/OK-Living-room-3.jpg\" data-link=\"https:\/\/luxappartamenti.it\/fra\/?attachment_id=66\" class=\"wp-image-66\" srcset=\"https:\/\/luxappartamenti.it\/fra\/wp-content\/uploads\/2016\/08\/OK-Living-room-3-1024x637.jpg 1024w, https:\/\/luxappartamenti.it\/fra\/wp-content\/uploads\/2016\/08\/OK-Living-room-3-300x187.jpg 300w, https:\/\/luxappartamenti.it\/fra\/wp-content\/uploads\/2016\/08\/OK-Living-room-3-768x478.jpg 768w, https:\/\/luxappartamenti.it\/fra\/wp-content\/uploads\/2016\/08\/OK-Living-room-3.jpg 1280w\" sizes=\"(max-width: 1024px) 100vw, 1024px\" \/><\/figure><\/li><li class=\"blocks-gallery-item\"><figure><img loading=\"lazy\" width=\"1024\" height=\"682\" src=\"https:\/\/luxappartamenti.it\/fra\/wp-content\/uploads\/2016\/08\/DSC_9312-1024x682.jpg\" alt=\"\" data-id=\"73\" data-full-url=\"https:\/\/luxappartamenti.it\/fra\/wp-content\/uploads\/2016\/08\/DSC_9312.jpg\" data-link=\"https:\/\/luxappartamenti.it\/fra\/?attachment_id=73\" class=\"wp-image-73\" srcset=\"https:\/\/luxappartamenti.it\/fra\/wp-content\/uploads\/2016\/08\/DSC_9312-1024x682.jpg 1024w, https:\/\/luxappartamenti.it\/fra\/wp-content\/uploads\/2016\/08\/DSC_9312-300x200.jpg 300w, https:\/\/luxappartamenti.it\/fra\/wp-content\/uploads\/2016\/08\/DSC_9312-768x511.jpg 768w, https:\/\/luxappartamenti.it\/fra\/wp-content\/uploads\/2016\/08\/DSC_9312.jpg 1280w\" sizes=\"(max-width: 1024px) 100vw, 1024px\" \/><\/figure><\/li><li class=\"blocks-gallery-item\"><figure><img loading=\"lazy\" width=\"1024\" height=\"682\" src=\"https:\/\/luxappartamenti.it\/fra\/wp-content\/uploads\/2016\/08\/DSC_9205-1024x682.jpg\" alt=\"\" data-id=\"75\" data-full-url=\"https:\/\/luxappartamenti.it\/fra\/wp-content\/uploads\/2016\/08\/DSC_9205.jpg\" data-link=\"https:\/\/luxappartamenti.it\/fra\/?attachment_id=75\" class=\"wp-image-75\" srcset=\"https:\/\/luxappartamenti.it\/fra\/wp-content\/uploads\/2016\/08\/DSC_9205-1024x682.jpg 1024w, https:\/\/luxappartamenti.it\/fra\/wp-content\/uploads\/2016\/08\/DSC_9205-300x200.jpg 300w, https:\/\/luxappartamenti.it\/fra\/wp-content\/uploads\/2016\/08\/DSC_9205-768x511.jpg 768w, https:\/\/luxappartamenti.it\/fra\/wp-content\/uploads\/2016\/08\/DSC_9205.jpg 1280w\" sizes=\"(max-width: 1024px) 100vw, 1024px\" \/><\/figure><\/li><li class=\"blocks-gallery-item\"><figure><img loading=\"lazy\" width=\"1024\" height=\"682\" src=\"https:\/\/luxappartamenti.it\/fra\/wp-content\/uploads\/2016\/08\/DSC_9582-1024x682.jpg\" alt=\"\" data-id=\"68\" data-full-url=\"https:\/\/luxappartamenti.it\/fra\/wp-content\/uploads\/2016\/08\/DSC_9582.jpg\" data-link=\"https:\/\/luxappartamenti.it\/fra\/?attachment_id=68\" class=\"wp-image-68\" srcset=\"https:\/\/luxappartamenti.it\/fra\/wp-content\/uploads\/2016\/08\/DSC_9582-1024x682.jpg 1024w, https:\/\/luxappartamenti.it\/fra\/wp-content\/uploads\/2016\/08\/DSC_9582-300x200.jpg 300w, https:\/\/luxappartamenti.it\/fra\/wp-content\/uploads\/2016\/08\/DSC_9582-768x511.jpg 768w, https:\/\/luxappartamenti.it\/fra\/wp-content\/uploads\/2016\/08\/DSC_9582.jpg 1280w\" sizes=\"(max-width: 1024px) 100vw, 1024px\" \/><\/figure><\/li><\/ul><\/figure>\n\n\n\n<h4> CUISINE <\/h4>\n\n\n\n<figure class=\"wp-block-gallery columns-3 is-cropped\"><ul class=\"blocks-gallery-grid\"><li class=\"blocks-gallery-item\"><figure><img loading=\"lazy\" width=\"1024\" height=\"682\" src=\"https:\/\/luxappartamenti.it\/fra\/wp-content\/uploads\/2016\/08\/DSC_9377-1024x682.jpg\" alt=\"\" data-id=\"72\" data-full-url=\"https:\/\/luxappartamenti.it\/fra\/wp-content\/uploads\/2016\/08\/DSC_9377.jpg\" data-link=\"https:\/\/luxappartamenti.it\/fra\/?attachment_id=72\" class=\"wp-image-72\" srcset=\"https:\/\/luxappartamenti.it\/fra\/wp-content\/uploads\/2016\/08\/DSC_9377-1024x682.jpg 1024w, https:\/\/luxappartamenti.it\/fra\/wp-content\/uploads\/2016\/08\/DSC_9377-300x200.jpg 300w, https:\/\/luxappartamenti.it\/fra\/wp-content\/uploads\/2016\/08\/DSC_9377-768x511.jpg 768w, https:\/\/luxappartamenti.it\/fra\/wp-content\/uploads\/2016\/08\/DSC_9377.jpg 1280w\" sizes=\"(max-width: 1024px) 100vw, 1024px\" \/><\/figure><\/li><li class=\"blocks-gallery-item\"><figure><img loading=\"lazy\" width=\"1024\" height=\"682\" src=\"https:\/\/luxappartamenti.it\/fra\/wp-content\/uploads\/2016\/08\/DSC_9168-1024x682.jpg\" alt=\"\" data-id=\"78\" data-full-url=\"https:\/\/luxappartamenti.it\/fra\/wp-content\/uploads\/2016\/08\/DSC_9168.jpg\" data-link=\"https:\/\/luxappartamenti.it\/fra\/?attachment_id=78\" class=\"wp-image-78\" srcset=\"https:\/\/luxappartamenti.it\/fra\/wp-content\/uploads\/2016\/08\/DSC_9168-1024x682.jpg 1024w, https:\/\/luxappartamenti.it\/fra\/wp-content\/uploads\/2016\/08\/DSC_9168-300x200.jpg 300w, https:\/\/luxappartamenti.it\/fra\/wp-content\/uploads\/2016\/08\/DSC_9168-768x511.jpg 768w, https:\/\/luxappartamenti.it\/fra\/wp-content\/uploads\/2016\/08\/DSC_9168.jpg 1280w\" sizes=\"(max-width: 1024px) 100vw, 1024px\" \/><\/figure><\/li><li class=\"blocks-gallery-item\"><figure><img loading=\"lazy\" width=\"682\" height=\"1024\" src=\"https:\/\/luxappartamenti.it\/fra\/wp-content\/uploads\/2016\/08\/DSC_9430-682x1024.jpg\" alt=\"\" data-id=\"71\" data-full-url=\"https:\/\/luxappartamenti.it\/fra\/wp-content\/uploads\/2016\/08\/DSC_9430.jpg\" data-link=\"https:\/\/luxappartamenti.it\/fra\/?attachment_id=71\" class=\"wp-image-71\" srcset=\"https:\/\/luxappartamenti.it\/fra\/wp-content\/uploads\/2016\/08\/DSC_9430-682x1024.jpg 682w, https:\/\/luxappartamenti.it\/fra\/wp-content\/uploads\/2016\/08\/DSC_9430-200x300.jpg 200w, https:\/\/luxappartamenti.it\/fra\/wp-content\/uploads\/2016\/08\/DSC_9430-768x1153.jpg 768w, https:\/\/luxappartamenti.it\/fra\/wp-content\/uploads\/2016\/08\/DSC_9430.jpg 1280w\" sizes=\"(max-width: 682px) 100vw, 682px\" \/><\/figure><\/li><\/ul><\/figure>\n\n\n\n<h4> SALLE DE BAIN <\/h4>\n\n\n\n<figure class=\"wp-block-gallery columns-3 is-cropped\"><ul class=\"blocks-gallery-grid\"><li class=\"blocks-gallery-item\"><figure><img loading=\"lazy\" width=\"1024\" height=\"682\" src=\"https:\/\/luxappartamenti.it\/fra\/wp-content\/uploads\/2016\/08\/DSC_9450-1024x682.jpg\" alt=\"\" data-id=\"70\" data-full-url=\"https:\/\/luxappartamenti.it\/fra\/wp-content\/uploads\/2016\/08\/DSC_9450.jpg\" data-link=\"https:\/\/luxappartamenti.it\/fra\/?attachment_id=70\" class=\"wp-image-70\" srcset=\"https:\/\/luxappartamenti.it\/fra\/wp-content\/uploads\/2016\/08\/DSC_9450-1024x682.jpg 1024w, https:\/\/luxappartamenti.it\/fra\/wp-content\/uploads\/2016\/08\/DSC_9450-300x200.jpg 300w, https:\/\/luxappartamenti.it\/fra\/wp-content\/uploads\/2016\/08\/DSC_9450-768x511.jpg 768w, https:\/\/luxappartamenti.it\/fra\/wp-content\/uploads\/2016\/08\/DSC_9450.jpg 1280w\" sizes=\"(max-width: 1024px) 100vw, 1024px\" \/><\/figure><\/li><li class=\"blocks-gallery-item\"><figure><img loading=\"lazy\" width=\"1024\" height=\"682\" src=\"https:\/\/luxappartamenti.it\/fra\/wp-content\/uploads\/2016\/08\/DSC_9564-1024x682.jpg\" alt=\"\" data-id=\"69\" data-full-url=\"https:\/\/luxappartamenti.it\/fra\/wp-content\/uploads\/2016\/08\/DSC_9564.jpg\" data-link=\"https:\/\/luxappartamenti.it\/fra\/?attachment_id=69\" class=\"wp-image-69\" srcset=\"https:\/\/luxappartamenti.it\/fra\/wp-content\/uploads\/2016\/08\/DSC_9564-1024x682.jpg 1024w, https:\/\/luxappartamenti.it\/fra\/wp-content\/uploads\/2016\/08\/DSC_9564-300x200.jpg 300w, https:\/\/luxappartamenti.it\/fra\/wp-content\/uploads\/2016\/08\/DSC_9564-768x511.jpg 768w, https:\/\/luxappartamenti.it\/fra\/wp-content\/uploads\/2016\/08\/DSC_9564.jpg 1280w\" sizes=\"(max-width: 1024px) 100vw, 1024px\" \/><\/figure><\/li><li class=\"blocks-gallery-item\"><figure><img loading=\"lazy\" width=\"1024\" height=\"937\" src=\"https:\/\/luxappartamenti.it\/fra\/wp-content\/uploads\/2016\/08\/P1010901-1024x937.jpg\" alt=\"\" data-id=\"46\" data-full-url=\"https:\/\/luxappartamenti.it\/fra\/wp-content\/uploads\/2016\/08\/P1010901.jpg\" data-link=\"https:\/\/luxappartamenti.it\/fra\/?attachment_id=46\" class=\"wp-image-46\" srcset=\"https:\/\/luxappartamenti.it\/fra\/wp-content\/uploads\/2016\/08\/P1010901-1024x937.jpg 1024w, https:\/\/luxappartamenti.it\/fra\/wp-content\/uploads\/2016\/08\/P1010901-300x274.jpg 300w, https:\/\/luxappartamenti.it\/fra\/wp-content\/uploads\/2016\/08\/P1010901-768x703.jpg 768w, https:\/\/luxappartamenti.it\/fra\/wp-content\/uploads\/2016\/08\/P1010901.jpg 1280w\" sizes=\"(max-width: 1024px) 100vw, 1024px\" \/><\/figure><\/li><\/ul><\/figure>\n\n\n\n<h4> PLANS <\/h4>\n\n\n\n<figure class=\"wp-block-gallery columns-3 is-cropped\"><ul class=\"blocks-gallery-grid\"><li class=\"blocks-gallery-item\"><figure><img loading=\"lazy\" width=\"635\" height=\"408\" src=\"https:\/\/luxappartamenti.it\/fra\/wp-content\/uploads\/2016\/08\/p1.gif\" alt=\"\" data-id=\"128\" data-full-url=\"https:\/\/luxappartamenti.it\/fra\/wp-content\/uploads\/2016\/08\/p1.gif\" data-link=\"https:\/\/luxappartamenti.it\/fra\/?attachment_id=128\" class=\"wp-image-128\"\/><\/figure><\/li><li class=\"blocks-gallery-item\"><figure><img loading=\"lazy\" width=\"635\" height=\"408\" src=\"https:\/\/luxappartamenti.it\/fra\/wp-content\/uploads\/2016\/08\/p2.gif\" alt=\"\" data-id=\"127\" data-full-url=\"https:\/\/luxappartamenti.it\/fra\/wp-content\/uploads\/2016\/08\/p2.gif\" data-link=\"https:\/\/luxappartamenti.it\/fra\/?attachment_id=127\" class=\"wp-image-127\"\/><\/figure><\/li><li class=\"blocks-gallery-item\"><figure><img loading=\"lazy\" width=\"635\" height=\"408\" src=\"https:\/\/luxappartamenti.it\/fra\/wp-content\/uploads\/2016\/08\/p3.gif\" alt=\"\" data-id=\"126\" data-full-url=\"https:\/\/luxappartamenti.it\/fra\/wp-content\/uploads\/2016\/08\/p3.gif\" data-link=\"https:\/\/luxappartamenti.it\/fra\/?attachment_id=126\" class=\"wp-image-126\"\/><\/figure><\/li><li class=\"blocks-gallery-item\"><figure><img loading=\"lazy\" width=\"562\" height=\"372\" src=\"https:\/\/luxappartamenti.it\/fra\/wp-content\/uploads\/2016\/08\/p4.gif\" alt=\"\" data-id=\"125\" data-full-url=\"https:\/\/luxappartamenti.it\/fra\/wp-content\/uploads\/2016\/08\/p4.gif\" data-link=\"https:\/\/luxappartamenti.it\/fra\/?attachment_id=125\" class=\"wp-image-125\"\/><\/figure><\/li><li class=\"blocks-gallery-item\"><figure><img loading=\"lazy\" width=\"635\" height=\"408\" src=\"https:\/\/luxappartamenti.it\/fra\/wp-content\/uploads\/2016\/08\/p5.gif\" alt=\"\" data-id=\"124\" data-full-url=\"https:\/\/luxappartamenti.it\/fra\/wp-content\/uploads\/2016\/08\/p5.gif\" data-link=\"https:\/\/luxappartamenti.it\/fra\/?attachment_id=124\" class=\"wp-image-124\"\/><\/figure><\/li><\/ul><\/figure>\n","protected":false},"excerpt":{"rendered":"<p>DESCRIPTION DES APPARTEMENTS Nos appartements sont bien meubl\u00e9s et \u00e9quip\u00e9s de tous les conforts, id\u00e9als&#8230;<\/p>\n","protected":false},"author":1,"featured_media":0,"parent":0,"menu_order":10,"comment_status":"closed","ping_status":"closed","template":"","meta":[],"_links":{"self":[{"href":"https:\/\/luxappartamenti.it\/fra\/index.php?rest_route=\/wp\/v2\/pages\/91"}],"collection":[{"href":"https:\/\/luxappartamenti.it\/fra\/index.php?rest_route=\/wp\/v2\/pages"}],"about":[{"href":"https:\/\/luxappartamenti.it\/fra\/index.php?rest_route=\/wp\/v2\/types\/page"}],"author":[{"embeddable":true,"href":"https:\/\/luxappartamenti.it\/fra\/index.php?rest_route=\/wp\/v2\/users\/1"}],"replies":[{"embeddable":true,"href":"https:\/\/luxappartamenti.it\/fra\/index.php?rest_route=%2Fwp%2Fv2%2Fcomments&post=91"}],"version-history":[{"count":70,"href":"https:\/\/luxappartamenti.it\/fra\/index.php?rest_route=\/wp\/v2\/pages\/91\/revisions"}],"predecessor-version":[{"id":638,"href":"https:\/\/luxappartamenti.it\/fra\/index.php?rest_route=\/wp\/v2\/pages\/91\/revisions\/638"}],"wp:attachment":[{"href":"https:\/\/luxappartamenti.it\/fra\/index.php?rest_route=%2Fwp%2Fv2%2Fmedia&parent=91"}],"curies":[{"name":"wp","href":"https:\/\/api.w.org\/{rel}","templated":true}]}}