{"id":7,"date":"2016-08-25T16:54:26","date_gmt":"2016-08-25T14:54:26","guid":{"rendered":"http:\/\/luxappartamenti.it\/fra\/?page_id=7"},"modified":"2016-12-23T16:25:42","modified_gmt":"2016-12-23T15:25:42","slug":"home","status":"publish","type":"page","link":"https:\/\/luxappartamenti.it\/fra\/","title":{"rendered":"HOME"},"content":{"rendered":"<p>&nbsp;<\/p>\n<hr \/>\n<h1 style=\"text-align: center;\">BIENVENUE \u00c0<strong>\u00a0LUX APPARTAMENTI<\/strong><\/h1>\n<p style=\"text-align: center;\">Lux Appartements, situ\u00e9 non loin du centre historique et commercial de Rome, offre \u00e0 ses clients 13 appartements de premi\u00e8re classe, situ\u00e9s dans un seul immeuble moderne.<\/p>\n<p style=\"text-align: center;\">La courte distance du Colis\u00e9e et de la gare Termini, centre de tous les principaux r\u00e9seaux de transport, rend nos appartements une base id\u00e9ale pour le tourisme ou les voyages d&#8217;affaires.<\/p>\n<p style=\"text-align: center;\">Le d\u00e9cor moderne et fonctionnel, l&#8217;attention au d\u00e9tail, les nombreux conforts et accessoires et la qualit\u00e9 du service offert, rendent nos logements le choix id\u00e9al \u00e9galement pour les longs s\u00e9jours.<\/p>\n<hr \/>\n","protected":false},"excerpt":{"rendered":"<p>&nbsp; BIENVENUE \u00c0\u00a0LUX APPARTAMENTI Lux Appartements, situ\u00e9 non loin du centre historique et commercial de&#8230;<\/p>\n","protected":false},"author":1,"featured_media":0,"parent":0,"menu_order":10,"comment_status":"closed","ping_status":"closed","template":"templates\/home-page.php","meta":[],"_links":{"self":[{"href":"https:\/\/luxappartamenti.it\/fra\/index.php?rest_route=\/wp\/v2\/pages\/7"}],"collection":[{"href":"https:\/\/luxappartamenti.it\/fra\/index.php?rest_route=\/wp\/v2\/pages"}],"about":[{"href":"https:\/\/luxappartamenti.it\/fra\/index.php?rest_route=\/wp\/v2\/types\/page"}],"author":[{"embeddable":true,"href":"https:\/\/luxappartamenti.it\/fra\/index.php?rest_route=\/wp\/v2\/users\/1"}],"replies":[{"embeddable":true,"href":"https:\/\/luxappartamenti.it\/fra\/index.php?rest_route=%2Fwp%2Fv2%2Fcomments&post=7"}],"version-history":[{"count":19,"href":"https:\/\/luxappartamenti.it\/fra\/index.php?rest_route=\/wp\/v2\/pages\/7\/revisions"}],"predecessor-version":[{"id":595,"href":"https:\/\/luxappartamenti.it\/fra\/index.php?rest_route=\/wp\/v2\/pages\/7\/revisions\/595"}],"wp:attachment":[{"href":"https:\/\/luxappartamenti.it\/fra\/index.php?rest_route=%2Fwp%2Fv2%2Fmedia&parent=7"}],"curies":[{"name":"wp","href":"https:\/\/api.w.org\/{rel}","templated":true}]}}