{"id":440,"date":"2016-12-15T15:03:26","date_gmt":"2016-12-15T14:03:26","guid":{"rendered":"http:\/\/luxappartamenti.it\/fra\/?page_id=440"},"modified":"2016-12-15T15:03:26","modified_gmt":"2016-12-15T14:03:26","slug":"cookie-policy","status":"publish","type":"page","link":"https:\/\/luxappartamenti.it\/fra\/?page_id=440","title":{"rendered":"Cookie policy"},"content":{"rendered":"<p><strong>COOKIES POLITIQUE<\/strong><\/p>\n<p><strong>1. Que sont les cookies?<\/strong><\/p>\n<p>Les cookies sont de petits fichiers texte que les sites Web visit\u00e9s par l&#8217;utilisateur pour envoyer son terminal (g\u00e9n\u00e9ralement le navigateur), o\u00f9 ils sont stock\u00e9s avant d&#8217;\u00eatre transmis aux m\u00eames sites \u00e0 la prochaine visite au m\u00eame utilisateur. Lors de la navigation sur un site Web, vous pouvez acc\u00e9der \u00e0 leurs terminaux aussi les sites de cookies ou d&#8217;autres serveurs Web (SO-CALLED &#8220;tiers&#8221; cookies); C&#8217;est parce que sur le site visit\u00e9 peuvent \u00eatre pr\u00e9sents des \u00e9l\u00e9ments tels que, par exemple, des images, des cartes, des sons, des liens sp\u00e9cifiques vers des pages Web dans d&#8217;autres domaines qui r\u00e9sident sur des serveurs diff\u00e9rents de celui o\u00f9 vous trouvez la page requise. En d&#8217;autres termes, il s&#8217;agit de cookies qui sont d\u00e9finis par un site Web autre que celui que vous visitez actuellement.<\/p>\n<p>Les cookies sont utilis\u00e9s pour effectuer l&#8217;authentification par ordinateur, la surveillance des sessions et stocker des informations sp\u00e9cifiques sur les utilisateurs acc\u00e9dant au serveur et sont normalement pr\u00e9sents dans le navigateur de chaque utilisateur dans un nombre tr\u00e8s \u00e9lev\u00e9.<\/p>\n<p>Certaines op\u00e9rations ne peuvent pas \u00eatre effectu\u00e9es sans l&#8217;utilisation de cookies, ce qui dans certains cas sont si techniquement n\u00e9cessaires: par exemple, l&#8217;acc\u00e8s \u00e0 la banque \u00e0 domicile et les activit\u00e9s qui peuvent \u00eatre effectu\u00e9es sur votre compte courant en ligne (extraire les transferts de compte d&#8217;affichage, .) Serait beaucoup plus complexe \u00e0 r\u00e9aliser et moins s\u00e9curis\u00e9 sans la pr\u00e9sence de cookies pour vous aider \u00e0 identifier et \u00e0 maintenir leur identification dans le cadre de la session.<\/p>\n<p>Les cookies peuvent \u00e9galement rester dans le syst\u00e8me pendant de longues p\u00e9riodes et peuvent \u00e9galement contenir un code identificateur unique. Cela permet aux sites qui les utilisent de suivre les exp\u00e9riences de l&#8217;utilisateur sur le m\u00eame site, \u00e0 des fins statistiques ou publicitaires, c&#8217;est-\u00e0-dire de cr\u00e9er un profil utilisateur personnalis\u00e9 en utilisant les pages que le m\u00eame a visit\u00e9 et de diffuser de la publicit\u00e9 cibl\u00e9e (cd Behavioral Advertising) .<\/p>\n<p><strong>2. Quels sont les principaux types de cookies?<\/strong><\/p>\n<p>Ci-dessous, une br\u00e8ve description des principaux types de cookies:<br \/>\n\u00b7<strong> Session et cookies persistants<\/strong><br \/>\nLes cookies de session, qui contiennent des informations qui sont utilis\u00e9es dans votre session de navigateur actuelle. Ces cookies sont automatiquement supprim\u00e9s lorsque vous fermez votre navigateur.<\/p>\n<p>Les Cookies Persistants (type ASPXANONYMOUS), qui sont utilis\u00e9s pour maintenir des informations utilis\u00e9es dans la p\u00e9riode entre les acc\u00e8s \u00e0 un autre site Web ou utilis\u00e9s \u00e0 des fins techniques et pour am\u00e9liorer la navigation sur le site. Ces donn\u00e9es permettent aux sites de reconna\u00eetre que vous \u00eates un utilisateur ou un visiteur pr\u00e9c\u00e9dent et s&#8217;adapte en cons\u00e9quence. Les cookies \u00abpersistants\u00bb ont une dur\u00e9e de vie d\u00e9termin\u00e9e par le site Web et peuvent varier de quelques minutes \u00e0 plusieurs ann\u00e9es.<\/p>\n<p>\u00b7 <strong>Cookies de premi\u00e8re partie et tiers<\/strong><br \/>\nLes cookies First Party, qui appartiennent au site qui les a cr\u00e9\u00e9s.<\/p>\n<p>Cookies tiers, qui sont cr\u00e9\u00e9s \u00e0 partir de domaines externes vers le site et dont les donn\u00e9es sont conserv\u00e9es par le tiers.<\/p>\n<p>\u00b7 <strong>Cookies techniques et profilage<\/strong><br \/>\nLes cookies techniques qui sont utilis\u00e9s uniquement pour r\u00e9aliser la transmission d&#8217;une communication sur un r\u00e9seau de communications \u00e9lectroniques ou strictement n\u00e9cessaires pour le fournisseur d&#8217;un service de la soci\u00e9t\u00e9 de l&#8217;information explicitement demand\u00e9 par l&#8217;abonn\u00e9 ou l&#8217;utilisateur pour fournir le service (cfr Article 122, alin\u00e9a 1, du Code de la protection des renseignements personnels). Ils ne sont pas utilis\u00e9s \u00e0 d&#8217;autres fins et sont normalement install\u00e9s par le propri\u00e9taire ou l&#8217;exploitant du site Web. Il s&#8217;agit par exemple de la fonctionnalit\u00e9 de Cookie, qui permet \u00e0 un utilisateur de parcourir la fonction d&#8217;un ensemble de crit\u00e8res s\u00e9lectionn\u00e9s (par exemple, la langue, les produits s\u00e9lectionn\u00e9s pour l&#8217;achat) afin d&#8217;am\u00e9liorer le service.<\/p>\n<p>Les cookies Google Analytics sont trait\u00e9s comme des cookies techniques lorsqu&#8217;ils sont utilis\u00e9s directement par l&#8217;op\u00e9rateur du site pour recueillir des informations, sous une forme agr\u00e9g\u00e9e, le nombre d&#8217;utilisateurs et la fa\u00e7on dont ils visitent le site.<\/p>\n<p>Les cookies de profilage, qui sont con\u00e7us pour cr\u00e9er leurs profils pour vous et sont utilis\u00e9s afin d&#8217;envoyer des messages publicitaires en ligne avec les pr\u00e9f\u00e9rences exprim\u00e9es par la m\u00eame partie de surfer sur le net. Compte tenu de l&#8217;envahissement consid\u00e9rable que ces dispositifs peuvent avoir dans la sph\u00e8re priv\u00e9e des utilisateurs, la l\u00e9gislation europ\u00e9enne et italienne exige que l&#8217;utilisateur soit d\u00fbment inform\u00e9 de l&#8217;utilisation de ces derniers et exprime son consentement valable.<\/p>\n<p>3. <strong>Quel cookie utilise ce site Web, quelles sont ses principales caract\u00e9ristiques et comment refuser le consentement \u00e0 chacun des cookies de profilage<\/strong><\/p>\n<p>Cookies techniques et statistiques agr\u00e9g\u00e9es<\/p>\n<p>Strictement n\u00e9cessaires aux activit\u00e9s d&#8217;exploitation<br \/>\nCookies utilis\u00e9s pour sauvegarder la session de l&#8217;Utilisateur et pour effectuer d&#8217;autres activit\u00e9s essentielles au fonctionnement du site.<\/p>\n<p>L&#8217;\u00e9pargne, l&#8217;optimisation et les statistiques des pr\u00e9f\u00e9rences<br \/>\nLes cookies utilis\u00e9s pour enregistrer vos pr\u00e9f\u00e9rences de navigation et optimiser l&#8217;exp\u00e9rience de la navigation utilisateur, par exemple ceux qui permettent de d\u00e9finir la langue et la devise ou la gestion des statistiques par le propri\u00e9taire du site.<\/p>\n<p>Autres types de cookies ou d&#8217;outils tiers pouvant \u00eatre utilis\u00e9s<\/p>\n<p>Vous trouverez ci-dessous une liste des services graves divis\u00e9s par le type I collect ou collectent les donn\u00e9es sous forme agr\u00e9g\u00e9e et peuvent ne pas n\u00e9cessiter le consentement de l&#8217;utilisateur ou peuvent en outre \u00eatre g\u00e9r\u00e9s directement par le Titulaire, comme d\u00e9crit ci-dessous, sans l&#8217;aide de tiers.<\/p>\n<p>En outre, des services tiers (par exemple Facebook, Twitter, Google, etc.) peuvent faire des activit\u00e9s de suivi pour cr\u00e9er des profils d&#8217;utilisateurs afin, par exemple, d&#8217;envoyer des messages publicitaires en accord avec les pr\u00e9f\u00e9rences exprim\u00e9es dans le m\u00eame contexte de surf net.<\/p>\n<p><strong>Statistiques<\/strong><br \/>\nLes services contenus dans cette section permettent au contr\u00f4leur de donn\u00e9es de surveiller et d&#8217;analyser les donn\u00e9es de trafic et sont utilis\u00e9s pour suivre le comportement de l&#8217;utilisateur.<br \/>\nGoogle Analytics (Google Inc.)<br \/>\nIl s&#8217;agit d&#8217;un service d&#8217;analyse Web fourni par Google Inc. (\u00abGoogle\u00bb). Google utilise les donn\u00e9es personnelles collect\u00e9es afin d&#8217;\u00e9valuer l&#8217;utilisation de ce site Web, de compiler des rapports et de les partager avec d&#8217;autres services d\u00e9velopp\u00e9s par Google. Google peut utiliser des informations personnelles pour contextualiser et personnaliser les annonces de son propre r\u00e9seau publicitaire.<br \/>\nDonn\u00e9es personnelles recueillies: Cookie et donn\u00e9es d&#8217;utilisation.<br \/>\nPour plus d&#8217;informations: Politique de confidentialit\u00e9<br \/>\nPour d\u00e9sactiver: D\u00e9sactiver<\/p>\n<p><strong>Suivi des conversions Google AdWords (Google Inc.)<\/strong><br \/>\nIl s&#8217;agit d&#8217;un service de statistiques fourni par Google Inc. qui relie les actions des utilisateurs de ce site aux donn\u00e9es du r\u00e9seau publicitaire Google AdWords.<br \/>\nDonn\u00e9es personnelles recueillies: Cookie et donn\u00e9es d&#8217;utilisation.<br \/>\nPour plus d&#8217;informations: Politique de confidentialit\u00e9<\/p>\n<p><strong>La publicit\u00e9<\/strong><br \/>\nCes services vous permettent d&#8217;utiliser vos donn\u00e9es \u00e0 des fins de communication commerciale dans diverses formes de publicit\u00e9, telles que banni\u00e8res, \u00e9galement en fonction de vos int\u00e9r\u00eats et peuvent utiliser des cookies pour identifier l&#8217;utilisateur afin d&#8217;afficher une publicit\u00e9 cibl\u00e9e bas\u00e9e sur l&#8217;int\u00e9r\u00eat et le comportement de l&#8217;utilisateur lui- \u00c9galement reconnu en dehors de ce site.<br \/>\nPour plus d&#8217;informations sur, nous pouvons vouloir v\u00e9rifier les politiques de confidentialit\u00e9 des services respectifs.<\/p>\n<p><strong>Google Fonts (Google Inc.)<\/strong><br \/>\nC&#8217;est un style de service int\u00e9grateur de styles g\u00e9r\u00e9 par Google Inc. qui permet \u00e0 ce site d&#8217;int\u00e9grer ce contenu dans ses pages.<br \/>\nDonn\u00e9es personnelles recueillies: Cookie et donn\u00e9es d&#8217;utilisation.<br \/>\nPour plus d&#8217;informations: Politique de confidentialit\u00e9<\/p>\n<p>Pour refuser le consentement \u00e0 l&#8217;utilisation d&#8217;un ou plusieurs profils les cookies d&#8217;utilisateur peuvent:<\/p>\n<p>Acc\u00e9der au lien pour refuser le consentement pour le service est indiqu\u00e9 dans la section ci-dessus, s&#8217;il est pr\u00e9sent, ou se r\u00e9f\u00e9rer autrement aux sections appropri\u00e9es DISPONIBLES sur le site Web du fabricant li\u00e9;<br \/>\nSinon, suivez la proc\u00e9dure de d\u00e9sactivation pr\u00e9vue par les principaux navigateurs:<\/p>\n<p><strong>Microsoft Windows Explorer<\/strong><\/p>\n<p>Http:\/\/windows.microsoft.com\/en-US\/internet-explorer\/delete-manage-cookies#ie=ie-11<\/p>\n<p><strong>Mozilla Firefox<\/strong><\/p>\n<p>Http:\/\/support.mozilla.org\/en-US\/kb\/Enabling{1c1b204f7b823bbeebdb82cf9a4a7b098c47b37f08e04282791248663c1174b5}20and{1c1b204f7b823bbeebdb82cf9a4a7b098c47b37f08e04282791248663c1174b5}20disabling{1c1b204f7b823bbeebdb82cf9a4a7b098c47b37f08e04282791248663c1174b5}20cookies<\/p>\n<p><strong>Google Chrome<\/strong><\/p>\n<p>Https:\/\/support.google.com\/accounts\/answer\/61416?hl=fr<\/p>\n<p><strong>Apple Safari<\/strong><\/p>\n<p>Http:\/\/www.apple.com\/legal\/privacy\/<\/p>\n<p><strong>Flash cookies<\/strong><\/p>\n<p>Http:\/\/www.macromedia.com\/support\/documentation\/fr\/flashplayer\/help\/settings_manager02.html#118539<\/p>\n","protected":false},"excerpt":{"rendered":"<p>COOKIES POLITIQUE 1. Que sont les cookies? Les cookies sont de petits fichiers texte que&#8230;<\/p>\n","protected":false},"author":1,"featured_media":0,"parent":0,"menu_order":0,"comment_status":"closed","ping_status":"closed","template":"","meta":[],"_links":{"self":[{"href":"https:\/\/luxappartamenti.it\/fra\/index.php?rest_route=\/wp\/v2\/pages\/440"}],"collection":[{"href":"https:\/\/luxappartamenti.it\/fra\/index.php?rest_route=\/wp\/v2\/pages"}],"about":[{"href":"https:\/\/luxappartamenti.it\/fra\/index.php?rest_route=\/wp\/v2\/types\/page"}],"author":[{"embeddable":true,"href":"https:\/\/luxappartamenti.it\/fra\/index.php?rest_route=\/wp\/v2\/users\/1"}],"replies":[{"embeddable":true,"href":"https:\/\/luxappartamenti.it\/fra\/index.php?rest_route=%2Fwp%2Fv2%2Fcomments&post=440"}],"version-history":[{"count":1,"href":"https:\/\/luxappartamenti.it\/fra\/index.php?rest_route=\/wp\/v2\/pages\/440\/revisions"}],"predecessor-version":[{"id":441,"href":"https:\/\/luxappartamenti.it\/fra\/index.php?rest_route=\/wp\/v2\/pages\/440\/revisions\/441"}],"wp:attachment":[{"href":"https:\/\/luxappartamenti.it\/fra\/index.php?rest_route=%2Fwp%2Fv2%2Fmedia&parent=440"}],"curies":[{"name":"wp","href":"https:\/\/api.w.org\/{rel}","templated":true}]}}