{"id":321,"date":"2016-09-21T14:45:26","date_gmt":"2016-09-21T12:45:26","guid":{"rendered":"http:\/\/luxappartamenti.it\/fra\/?page_id=321"},"modified":"2019-07-18T13:46:56","modified_gmt":"2019-07-18T11:46:56","slug":"prenotazione","status":"publish","type":"page","link":"https:\/\/luxappartamenti.it\/fra\/?page_id=321","title":{"rendered":"R\u00e9servation"},"content":{"rendered":"<h3><span style=\"text-decoration: underline;\">Terms &amp;\u00a0Conditions<\/span><\/h3>\n<p><strong>R\u00c9SERVATIONS<\/strong><br \/>\nLes prix*, les termes et les conditions.<\/p>\n<p><strong>EXERCICE 2019\/2020<\/strong><\/p>\n<p>Tarifs par appartement\u00a0: \u00e0 partir de \u20ac 70,00 jusqu\u2019\u00e0 \u20ac 200,00 **<\/p>\n<p>Pour chaque personne suppl\u00e9mentaire *** \u00e0 partir de 10 \u20ac \/ jour<\/p>\n<p>Pour toutes les promotions ou longs s\u00e9jours contacter la r\u00e9ception.<\/p>\n<p>&nbsp;<\/p>\n<p>* Le prix ne comprend pas la taxe de s\u00e9jour de la Ville de Rome (3,50 \u20ac par nuit et par personne jusqu&#8217;au dixi\u00e8me jour, gratuit pour les enfants dessous de 10 ans)<\/p>\n<p>** Jusqu&#8217;\u00e0 2 personnes.<\/p>\n<p>** * Un enfant de moins de 5 ans est h\u00e9berg\u00e9 gratuitement pour chaque appartement.<\/p>\n<hr \/>\n<div class=\"col-md-6\" style=\"padding-left: 0px;\">\n<p><strong>ARRIVEES ET DEPARTS<\/strong><\/p>\n<p>Les clients doivent communiquer \u00e0 l&#8217;avance leur heure d&#8217;arriv\u00e9e, par t\u00e9l\u00e9phone ou par e-mail ou parWhatsApp.<\/p>\n<p>L&#8217;enregistrement (check-in) a lieu uniquement SUR RENDEZ-VOUS,\u00a0 du lundi au samedi inclus, de 14h00 \u00e0 19h00.\u00a0 Les arriv\u00e9es apr\u00e8s 19h00 en semaine, ou le dimanche ou les jours de f\u00eate, doivent \u00eatre concord\u00e9es bien a l&#8217;avance directement avec la R\u00e9ception.<span id=\"result_box\" class=\"short_text\" lang=\"fr\"><\/span><\/p>\n<p>Pour les arriv\u00e9es de 9h00 \u00e0 14h00 est possible utiliser gratuitement le service de dep\u00f4t bagages.<\/p>\n<p>Au d\u00e9part, les appartements doivent \u00eatre lib\u00e9r\u00e9s avant 10h00. Au besoin, les valises peuvent \u00eatre stock\u00e9es dans notre\u00a0dep\u00f4t bagages pour toute la journ\u00e8e.<\/p>\n<p><strong>ANNULATION <\/strong><\/p>\n<p>Annulation gratuite jusqu&#8217;\u00e0 8 jours avant le check-in. 7 jours ou plus, les annulations sont soumises \u00e0 une p\u00e9nalit\u00e9 \u00e9gale au 50{1c1b204f7b823bbeebdb82cf9a4a7b098c47b37f08e04282791248663c1174b5} du s\u00e9jour.<\/p>\n<\/div>\n<div class=\"col-md-6\">\n<p><strong>CONDITIONS<\/strong><\/p>\n<p>Les prix comprennent les services tels que sp\u00e9cifi\u00e9s dans la section \u00abServices\u00bb.<br \/>\nLes d\u00e9tails d&#8217;une carte de cr\u00e9dit seront n\u00e9cessaires pour couvrir les \u00e9ventuels dommages.<\/p>\n<p>En r\u00e9servant en ligne Vous pouvez choisir\u00a0:<br \/>\n-Carte de cr\u00e9dit comme garantie, avec une confirmation imm\u00e9diate de r\u00e9servation. Le paiement est effectu\u00e9 \u00e0 l&#8217;arriv\u00e9e en esp\u00e8ces ou par carte de cr\u00e9dit avec une commission de 3{1c1b204f7b823bbeebdb82cf9a4a7b098c47b37f08e04282791248663c1174b5}.<\/p>\n<p>-Virement bancaire, de 50{1c1b204f7b823bbeebdb82cf9a4a7b098c47b37f08e04282791248663c1174b5} du montant total \u00e0 notre compte. Une fois comptabiliz\u00e9 le d\u00e9p\u00f4t recevra la confirmation finale. Le solde sera exig\u00e9 lors de la remise des cl\u00e9s en esp\u00e8ces ou par carte de cr\u00e9dit avec une commission de 3{1c1b204f7b823bbeebdb82cf9a4a7b098c47b37f08e04282791248663c1174b5}.<\/p>\n<p>&nbsp;<\/p>\n<\/div>\n","protected":false},"excerpt":{"rendered":"<p>Terms &amp;\u00a0Conditions R\u00c9SERVATIONS Les prix*, les termes et les conditions. EXERCICE 2019\/2020 Tarifs par appartement\u00a0:&#8230;<\/p>\n","protected":false},"author":1,"featured_media":0,"parent":0,"menu_order":100,"comment_status":"closed","ping_status":"closed","template":"templates\/preno.php","meta":[],"_links":{"self":[{"href":"https:\/\/luxappartamenti.it\/fra\/index.php?rest_route=\/wp\/v2\/pages\/321"}],"collection":[{"href":"https:\/\/luxappartamenti.it\/fra\/index.php?rest_route=\/wp\/v2\/pages"}],"about":[{"href":"https:\/\/luxappartamenti.it\/fra\/index.php?rest_route=\/wp\/v2\/types\/page"}],"author":[{"embeddable":true,"href":"https:\/\/luxappartamenti.it\/fra\/index.php?rest_route=\/wp\/v2\/users\/1"}],"replies":[{"embeddable":true,"href":"https:\/\/luxappartamenti.it\/fra\/index.php?rest_route=%2Fwp%2Fv2%2Fcomments&post=321"}],"version-history":[{"count":18,"href":"https:\/\/luxappartamenti.it\/fra\/index.php?rest_route=\/wp\/v2\/pages\/321\/revisions"}],"predecessor-version":[{"id":626,"href":"https:\/\/luxappartamenti.it\/fra\/index.php?rest_route=\/wp\/v2\/pages\/321\/revisions\/626"}],"wp:attachment":[{"href":"https:\/\/luxappartamenti.it\/fra\/index.php?rest_route=%2Fwp%2Fv2%2Fmedia&parent=321"}],"curies":[{"name":"wp","href":"https:\/\/api.w.org\/{rel}","templated":true}]}}