{"id":261,"date":"2016-08-29T18:00:06","date_gmt":"2016-08-29T16:00:06","guid":{"rendered":"http:\/\/luxappartamenti.it\/fra\/?page_id=261"},"modified":"2016-11-08T14:19:37","modified_gmt":"2016-11-08T13:19:37","slug":"lunghi-soggiorni","status":"publish","type":"page","link":"https:\/\/luxappartamenti.it\/fra\/?page_id=261","title":{"rendered":"Longs s\u00e9jours"},"content":{"rendered":"<p>Institutions, Organisations, Soci\u00e9t\u00e9s, Agences, Ambassades, en cas de s\u00e9jour de plus de 14 jours, s&#8217;il vous pla\u00eet de nous contacter directement pour des r\u00e9ductions et \/ ou conventions.<\/p>\n<p>Nos appartements, tr\u00e8s complets et confortables, ainsi que notre assistance, vous feront sentir chez vous, m\u00eame dans le cas d&#8217;un voyage d\u2019affaires\u00a0!<\/p>\n<p>e-mail: <a href=\"mailto:info@luxappartamenti.it\">info@luxappartamenti.it<\/a><\/p>\n","protected":false},"excerpt":{"rendered":"<p>Institutions, Organisations, Soci\u00e9t\u00e9s, Agences, Ambassades, en cas de s\u00e9jour de plus de 14 jours, s&#8217;il&#8230;<\/p>\n","protected":false},"author":1,"featured_media":0,"parent":0,"menu_order":0,"comment_status":"closed","ping_status":"closed","template":"","meta":[],"_links":{"self":[{"href":"https:\/\/luxappartamenti.it\/fra\/index.php?rest_route=\/wp\/v2\/pages\/261"}],"collection":[{"href":"https:\/\/luxappartamenti.it\/fra\/index.php?rest_route=\/wp\/v2\/pages"}],"about":[{"href":"https:\/\/luxappartamenti.it\/fra\/index.php?rest_route=\/wp\/v2\/types\/page"}],"author":[{"embeddable":true,"href":"https:\/\/luxappartamenti.it\/fra\/index.php?rest_route=\/wp\/v2\/users\/1"}],"replies":[{"embeddable":true,"href":"https:\/\/luxappartamenti.it\/fra\/index.php?rest_route=%2Fwp%2Fv2%2Fcomments&post=261"}],"version-history":[{"count":4,"href":"https:\/\/luxappartamenti.it\/fra\/index.php?rest_route=\/wp\/v2\/pages\/261\/revisions"}],"predecessor-version":[{"id":387,"href":"https:\/\/luxappartamenti.it\/fra\/index.php?rest_route=\/wp\/v2\/pages\/261\/revisions\/387"}],"wp:attachment":[{"href":"https:\/\/luxappartamenti.it\/fra\/index.php?rest_route=%2Fwp%2Fv2%2Fmedia&parent=261"}],"curies":[{"name":"wp","href":"https:\/\/api.w.org\/{rel}","templated":true}]}}